{"id":4742,"date":"2021-11-19T10:14:38","date_gmt":"2021-11-19T09:14:38","guid":{"rendered":"https:\/\/plenesys.com\/?page_id=4742"},"modified":"2022-07-12T10:45:38","modified_gmt":"2022-07-12T09:45:38","slug":"reseau-entreprise-europe-network","status":"publish","type":"page","link":"https:\/\/plenesys.com\/fr\/homepage\/actualites\/reseau-entreprise-europe-network\/","title":{"rendered":"R\u00e9seau Entreprise Europe Network"},"content":{"rendered":"<div class=\"wpb-content-wrapper\"><p>[vc_section full_width=\u00a0\u00bbstretch_row\u00a0\u00bb fade_in_opacity=\u00a0\u00bbpix-opacity-2&Prime; pix_over_visibility=\u00a0\u00bb\u00a0\u00bb bottom_divider_select=\u00a0\u00bb6&Prime; pix_overlay_color=\u00a0\u00bbdark-opacity-1&Prime; css=\u00a0\u00bb.vc_custom_1657619123568{padding-top: 100px !important;padding-bottom: 100px !important;}\u00a0\u00bb fade_in_intro=\u00a0\u00bb4722&Prime;][vc_row pix_particles_check=\u00a0\u00bb\u00a0\u00bb][vc_column content_align=\u00a0\u00bbtext-center\u00a0\u00bb]<div id=\"el1637312126131-23b30efc-d11d\" class=\"w-100 d-block \"><\/div><div class=\"pix-element-div w-100 text-center\"><span class=\"pix-badge-element h6 d-inline-flex mr-1 animate-in\" data-anim-type=\"fade-in-up\" data-anim-delay=\"0\"><span class=\"badge font-weight-bold  bg-dark-opacity-2  vc_custom_1637313185848  \" style=\" \"><span class=\"text-white\" style=\"\">\u00c9v\u00e9nement<\/span><\/span><\/span><\/div><div id=\"sliding-text-1579dc1163a3f2cc31149fe5b6a5fe01\" class=\"mb-3 text-center  vc_custom_1637313193762\"><div class=\"d-inline-block\" style=\"max-width:800px;\"><h1 class=\"mb-32 pix-sliding-headline-2 animate-in font-weight-bold secondary-font \" data-anim-type=\"pix-sliding-text\" data-class=\"secondary-font text-white\" style=\"\"><span class=\"slide-in-container \"><span class=\"pix-sliding-item secondary-font text-white\" style=\"transition-delay: 0ms;\">R\u00e9seau&#32;<\/span><\/span> <span class=\"slide-in-container \"><span class=\"pix-sliding-item secondary-font text-white\" style=\"transition-delay: 150ms;\">Entreprise&#32;<\/span><\/span> <span class=\"slide-in-container \"><span class=\"pix-sliding-item secondary-font text-white\" style=\"transition-delay: 300ms;\">Europe&#32;<\/span><\/span> <span class=\"slide-in-container \"><span class=\"pix-sliding-item secondary-font text-white\" style=\"transition-delay: 450ms;\">Network&#32;<\/span><\/span> <\/h1><\/div><\/div><div id=\"el1637312135447-d36907ec-10e6\" class=\"w-100 d-block \"><\/div>[\/vc_column][\/vc_row][\/vc_section][vc_row pix_particles_check=\u00a0\u00bb\u00a0\u00bb][vc_column][vc_column_text]<span style=\"font-weight: 400;\">Du 3\u00a0 au 4 novembre, Ahmed Kacem et Sabri Takali, les deux fondateurs de Plenesys, se sont rendus \u00e0 D\u00fcsseldorf (Allemagne). Cet \u00e9v\u00e9nement, organis\u00e9 dans le cadre du<strong> r\u00e9seau Enterprise Europe Network<\/strong> (EEN) par <a href=\"https:\/\/www.risingsud.fr\/\" target=\"_blank\" rel=\"noopener\">risingSUD<\/a> et son partenaire allemand local <a href=\"https:\/\/www.zenit.de\/\" target=\"_blank\" rel=\"noopener\">ZENIT<\/a>, a \u00e9t\u00e9<strong> l\u2019occasion de visiter<\/strong> :\u00a0<\/span><\/p>\r\n<ul>\r\n<li style=\"font-weight: 400;\" aria-level=\"1\"><span style=\"font-weight: 400;\"><strong>le Ministry of Economic Affairs, Innovation, Digitalisation and Energy of North Rhine-Westphalia (NRW)<\/strong>, o\u00f9 ils ont rencontr\u00e9 des repr\u00e9sentants du Department of Energy systems of the future, Hydrogen, Climate protection in Industry et de l&rsquo;organisation EnergieAgentur ;<\/span><\/li>\r\n<li style=\"font-weight: 400;\" aria-level=\"1\"><span style=\"font-weight: 400;\"><strong>le port de Duisburg<\/strong>, le plus grand port \u00ab\u00a0inner land\u00a0\u00bb en Europe, o\u00f9 ils ont pu d\u00e9couvrir de nouvelles opportunit\u00e9s sur le secteur de l\u2019hydrog\u00e8ne ;<\/span><\/li>\r\n<li style=\"font-weight: 400;\" aria-level=\"1\"><span style=\"font-weight: 400;\"><strong>Startport<\/strong>, un hub de startups dans le domaine de l&rsquo;innovation et nouvelles technologies pour la logistique et le heavy duty transport ;<\/span><\/li>\r\n<li style=\"font-weight: 400;\" aria-level=\"1\"><span style=\"font-weight: 400;\"><strong>\u00a0ZBT GmbH le Fuel Cells and Hydrogen Research Centre<\/strong> \u00e0 Duisburg ;<\/span><\/li>\r\n<li style=\"font-weight: 400;\" aria-level=\"1\"><span style=\"font-weight: 400;\"><strong>le d\u00e9partement CEC (Chemical Energy Conversion)<\/strong> du Max Planck Institute \u00e0 Mulheim.<\/span><\/li>\r\n<\/ul>\r\n<p>&nbsp;<\/p>\r\n<p><span style=\"font-weight: 400;\">Ce d\u00e9placement a<\/span><span style=\"font-weight: 400;\"> \u00e9galement<\/span><span style=\"font-weight: 400;\"> \u00e9t\u00e9<strong> l\u2019opportunit\u00e9 de rencontrer des repr\u00e9sentants du projet Carbon2Chem<\/strong>, un projet ayant pour but de capturer le CO2 \u00e9mis par les usines sid\u00e9rurgiques afin de produire des produits chimiques de base ainsi que des repr\u00e9sentants de soci\u00e9t\u00e9s et d&rsquo;organismes int\u00e9ress\u00e9s par notre technologie au sein de l&rsquo;organisation Zenit \u00e0 Mulheim.<\/span>[\/vc_column_text][\/vc_column][\/vc_row]<\/p>\r\n<\/div>","protected":false},"excerpt":{"rendered":"[vc_section full_width=\u00a0\u00bbstretch_row\u00a0\u00bb fade_in_opacity=\u00a0\u00bbpix-opacity-2&Prime; pix_over_visibility=\u00a0\u00bb\u00a0\u00bb bottom_divider_select=\u00a0\u00bb6&Prime; pix_overlay_color=\u00a0\u00bbdark-opacity-1&Prime; css=\u00a0\u00bb.vc_custom_1657619123568{padding-top: 100px !important;padding-bottom: 100px !important;}\u00a0\u00bb fade_in_intro=\u00a0\u00bb4722&Prime;][vc_row pix_particles_check=\u00a0\u00bb\u00a0\u00bb][vc_column content_align=\u00a0\u00bbtext-center\u00a0\u00bb][\/vc_column][\/vc_row][\/vc_section][vc_row pix_particles_check=\u00a0\u00bb\u00a0\u00bb][vc_column][vc_column_text]Du 3\u00a0 au 4 novembre, Ahmed Kacem et Sabri Takali, les deux fondateurs de Plenesys, se sont rendus \u00e0 D\u00fcsseldorf (Allemagne). Cet \u00e9v\u00e9nement, organis\u00e9 dans le&#8230;","protected":false},"author":1,"featured_media":0,"parent":4671,"menu_order":0,"comment_status":"closed","ping_status":"closed","template":"","meta":{"footnotes":""},"class_list":["post-4742","page","type-page","status-publish","hentry"],"yoast_head":"<!-- This site is optimized with the Yoast SEO plugin v27.4 - https:\/\/yoast.com\/product\/yoast-seo-wordpress\/ -->\n<title>R\u00e9seau Entreprise Europe Network - Plenesys<\/title>\n<meta name=\"description\" content=\"Du 3 au 4 novembre les deux fondateurs de Plenesys sont all\u00e9s \u00e0 D\u00fcsseldorf avec risingSUD et son partenaire allemand ZENIT.\" \/>\n<meta name=\"robots\" content=\"index, follow, max-snippet:-1, max-image-preview:large, max-video-preview:-1\" \/>\n<link rel=\"canonical\" href=\"https:\/\/plenesys.com\/fr\/homepage\/actualites\/reseau-entreprise-europe-network\/\" \/>\n<meta property=\"og:locale\" content=\"fr_FR\" \/>\n<meta property=\"og:type\" content=\"article\" \/>\n<meta property=\"og:title\" content=\"R\u00e9seau Entreprise Europe Network - Plenesys\" \/>\n<meta property=\"og:description\" content=\"Du 3 au 4 novembre les deux fondateurs de Plenesys sont all\u00e9s \u00e0 D\u00fcsseldorf avec risingSUD et son partenaire allemand ZENIT.\" \/>\n<meta property=\"og:url\" content=\"https:\/\/plenesys.com\/fr\/homepage\/actualites\/reseau-entreprise-europe-network\/\" \/>\n<meta property=\"og:site_name\" content=\"Plenesys\" \/>\n<meta property=\"article:modified_time\" content=\"2022-07-12T09:45:38+00:00\" \/>\n<meta name=\"twitter:card\" content=\"summary_large_image\" \/>\n<meta name=\"twitter:site\" content=\"@plenesys\" \/>\n<meta name=\"twitter:label1\" content=\"Dur\u00e9e de lecture estim\u00e9e\" \/>\n\t<meta name=\"twitter:data1\" content=\"2 minutes\" \/>\n<script type=\"application\/ld+json\" class=\"yoast-schema-graph\">{\"@context\":\"https:\\\/\\\/schema.org\",\"@graph\":[{\"@type\":\"WebPage\",\"@id\":\"https:\\\/\\\/plenesys.com\\\/fr\\\/homepage\\\/actualites\\\/reseau-entreprise-europe-network\\\/\",\"url\":\"https:\\\/\\\/plenesys.com\\\/fr\\\/homepage\\\/actualites\\\/reseau-entreprise-europe-network\\\/\",\"name\":\"R\u00e9seau Entreprise Europe Network - Plenesys\",\"isPartOf\":{\"@id\":\"https:\\\/\\\/plenesys.com\\\/fr\\\/#website\"},\"datePublished\":\"2021-11-19T09:14:38+00:00\",\"dateModified\":\"2022-07-12T09:45:38+00:00\",\"description\":\"Du 3 au 4 novembre les deux fondateurs de Plenesys sont all\u00e9s \u00e0 D\u00fcsseldorf avec risingSUD et son partenaire allemand ZENIT.\",\"breadcrumb\":{\"@id\":\"https:\\\/\\\/plenesys.com\\\/fr\\\/homepage\\\/actualites\\\/reseau-entreprise-europe-network\\\/#breadcrumb\"},\"inLanguage\":\"fr-FR\",\"potentialAction\":[{\"@type\":\"ReadAction\",\"target\":[\"https:\\\/\\\/plenesys.com\\\/fr\\\/homepage\\\/actualites\\\/reseau-entreprise-europe-network\\\/\"]}]},{\"@type\":\"BreadcrumbList\",\"@id\":\"https:\\\/\\\/plenesys.com\\\/fr\\\/homepage\\\/actualites\\\/reseau-entreprise-europe-network\\\/#breadcrumb\",\"itemListElement\":[{\"@type\":\"ListItem\",\"position\":1,\"name\":\"Home\",\"item\":\"https:\\\/\\\/plenesys.com\\\/fr\\\/\"},{\"@type\":\"ListItem\",\"position\":2,\"name\":\"Accueil\",\"item\":\"https:\\\/\\\/plenesys.com\\\/fr\\\/\"},{\"@type\":\"ListItem\",\"position\":3,\"name\":\"Actualit\u00e9s\",\"item\":\"https:\\\/\\\/plenesys.com\\\/fr\\\/homepage\\\/actualites\\\/\"},{\"@type\":\"ListItem\",\"position\":4,\"name\":\"R\u00e9seau Entreprise Europe Network\"}]},{\"@type\":\"WebSite\",\"@id\":\"https:\\\/\\\/plenesys.com\\\/fr\\\/#website\",\"url\":\"https:\\\/\\\/plenesys.com\\\/fr\\\/\",\"name\":\"PLENESYS\",\"description\":\"Plasma Energy Systems\",\"publisher\":{\"@id\":\"https:\\\/\\\/plenesys.com\\\/fr\\\/#organization\"},\"potentialAction\":[{\"@type\":\"SearchAction\",\"target\":{\"@type\":\"EntryPoint\",\"urlTemplate\":\"https:\\\/\\\/plenesys.com\\\/fr\\\/?s={search_term_string}\"},\"query-input\":{\"@type\":\"PropertyValueSpecification\",\"valueRequired\":true,\"valueName\":\"search_term_string\"}}],\"inLanguage\":\"fr-FR\"},{\"@type\":\"Organization\",\"@id\":\"https:\\\/\\\/plenesys.com\\\/fr\\\/#organization\",\"name\":\"PLENESYS\",\"url\":\"https:\\\/\\\/plenesys.com\\\/fr\\\/\",\"logo\":{\"@type\":\"ImageObject\",\"inLanguage\":\"fr-FR\",\"@id\":\"https:\\\/\\\/plenesys.com\\\/fr\\\/#\\\/schema\\\/logo\\\/image\\\/\",\"url\":\"https:\\\/\\\/plenesys.com\\\/wp-content\\\/uploads\\\/2021\\\/04\\\/logo.png\",\"contentUrl\":\"https:\\\/\\\/plenesys.com\\\/wp-content\\\/uploads\\\/2021\\\/04\\\/logo.png\",\"width\":880,\"height\":219,\"caption\":\"PLENESYS\"},\"image\":{\"@id\":\"https:\\\/\\\/plenesys.com\\\/fr\\\/#\\\/schema\\\/logo\\\/image\\\/\"},\"sameAs\":[\"https:\\\/\\\/x.com\\\/plenesys\",\"https:\\\/\\\/linkedin.com\\\/company\\\/plenesys\"]}]}<\/script>\n<!-- \/ Yoast SEO plugin. -->","yoast_head_json":{"title":"R\u00e9seau Entreprise Europe Network - Plenesys","description":"Du 3 au 4 novembre les deux fondateurs de Plenesys sont all\u00e9s \u00e0 D\u00fcsseldorf avec risingSUD et son partenaire allemand ZENIT.","robots":{"index":"index","follow":"follow","max-snippet":"max-snippet:-1","max-image-preview":"max-image-preview:large","max-video-preview":"max-video-preview:-1"},"canonical":"https:\/\/plenesys.com\/fr\/homepage\/actualites\/reseau-entreprise-europe-network\/","og_locale":"fr_FR","og_type":"article","og_title":"R\u00e9seau Entreprise Europe Network - Plenesys","og_description":"Du 3 au 4 novembre les deux fondateurs de Plenesys sont all\u00e9s \u00e0 D\u00fcsseldorf avec risingSUD et son partenaire allemand ZENIT.","og_url":"https:\/\/plenesys.com\/fr\/homepage\/actualites\/reseau-entreprise-europe-network\/","og_site_name":"Plenesys","article_modified_time":"2022-07-12T09:45:38+00:00","twitter_card":"summary_large_image","twitter_site":"@plenesys","twitter_misc":{"Dur\u00e9e de lecture estim\u00e9e":"2 minutes"},"schema":{"@context":"https:\/\/schema.org","@graph":[{"@type":"WebPage","@id":"https:\/\/plenesys.com\/fr\/homepage\/actualites\/reseau-entreprise-europe-network\/","url":"https:\/\/plenesys.com\/fr\/homepage\/actualites\/reseau-entreprise-europe-network\/","name":"R\u00e9seau Entreprise Europe Network - Plenesys","isPartOf":{"@id":"https:\/\/plenesys.com\/fr\/#website"},"datePublished":"2021-11-19T09:14:38+00:00","dateModified":"2022-07-12T09:45:38+00:00","description":"Du 3 au 4 novembre les deux fondateurs de Plenesys sont all\u00e9s \u00e0 D\u00fcsseldorf avec risingSUD et son partenaire allemand ZENIT.","breadcrumb":{"@id":"https:\/\/plenesys.com\/fr\/homepage\/actualites\/reseau-entreprise-europe-network\/#breadcrumb"},"inLanguage":"fr-FR","potentialAction":[{"@type":"ReadAction","target":["https:\/\/plenesys.com\/fr\/homepage\/actualites\/reseau-entreprise-europe-network\/"]}]},{"@type":"BreadcrumbList","@id":"https:\/\/plenesys.com\/fr\/homepage\/actualites\/reseau-entreprise-europe-network\/#breadcrumb","itemListElement":[{"@type":"ListItem","position":1,"name":"Home","item":"https:\/\/plenesys.com\/fr\/"},{"@type":"ListItem","position":2,"name":"Accueil","item":"https:\/\/plenesys.com\/fr\/"},{"@type":"ListItem","position":3,"name":"Actualit\u00e9s","item":"https:\/\/plenesys.com\/fr\/homepage\/actualites\/"},{"@type":"ListItem","position":4,"name":"R\u00e9seau Entreprise Europe Network"}]},{"@type":"WebSite","@id":"https:\/\/plenesys.com\/fr\/#website","url":"https:\/\/plenesys.com\/fr\/","name":"PLENESYS","description":"Plasma Energy Systems","publisher":{"@id":"https:\/\/plenesys.com\/fr\/#organization"},"potentialAction":[{"@type":"SearchAction","target":{"@type":"EntryPoint","urlTemplate":"https:\/\/plenesys.com\/fr\/?s={search_term_string}"},"query-input":{"@type":"PropertyValueSpecification","valueRequired":true,"valueName":"search_term_string"}}],"inLanguage":"fr-FR"},{"@type":"Organization","@id":"https:\/\/plenesys.com\/fr\/#organization","name":"PLENESYS","url":"https:\/\/plenesys.com\/fr\/","logo":{"@type":"ImageObject","inLanguage":"fr-FR","@id":"https:\/\/plenesys.com\/fr\/#\/schema\/logo\/image\/","url":"https:\/\/plenesys.com\/wp-content\/uploads\/2021\/04\/logo.png","contentUrl":"https:\/\/plenesys.com\/wp-content\/uploads\/2021\/04\/logo.png","width":880,"height":219,"caption":"PLENESYS"},"image":{"@id":"https:\/\/plenesys.com\/fr\/#\/schema\/logo\/image\/"},"sameAs":["https:\/\/x.com\/plenesys","https:\/\/linkedin.com\/company\/plenesys"]}]}},"jetpack_sharing_enabled":true,"_links":{"self":[{"href":"https:\/\/plenesys.com\/fr\/wp-json\/wp\/v2\/pages\/4742","targetHints":{"allow":["GET"]}}],"collection":[{"href":"https:\/\/plenesys.com\/fr\/wp-json\/wp\/v2\/pages"}],"about":[{"href":"https:\/\/plenesys.com\/fr\/wp-json\/wp\/v2\/types\/page"}],"author":[{"embeddable":true,"href":"https:\/\/plenesys.com\/fr\/wp-json\/wp\/v2\/users\/1"}],"replies":[{"embeddable":true,"href":"https:\/\/plenesys.com\/fr\/wp-json\/wp\/v2\/comments?post=4742"}],"version-history":[{"count":5,"href":"https:\/\/plenesys.com\/fr\/wp-json\/wp\/v2\/pages\/4742\/revisions"}],"predecessor-version":[{"id":6240,"href":"https:\/\/plenesys.com\/fr\/wp-json\/wp\/v2\/pages\/4742\/revisions\/6240"}],"up":[{"embeddable":true,"href":"https:\/\/plenesys.com\/fr\/wp-json\/wp\/v2\/pages\/4671"}],"wp:attachment":[{"href":"https:\/\/plenesys.com\/fr\/wp-json\/wp\/v2\/media?parent=4742"}],"curies":[{"name":"wp","href":"https:\/\/api.w.org\/{rel}","templated":true}]}}