{"id":5175,"date":"2022-03-18T16:44:32","date_gmt":"2022-03-18T15:44:32","guid":{"rendered":"https:\/\/plenesys.com\/?page_id=5175"},"modified":"2025-01-28T09:24:50","modified_gmt":"2025-01-28T08:24:50","slug":"hydrogene-propre","status":"publish","type":"page","link":"https:\/\/plenesys.com\/fr\/hyplasma\/hydrogene-propre\/","title":{"rendered":"Hydrog\u00e8ne propre \u00e0 prix comp\u00e9titif"},"content":{"rendered":"<div class=\"wpb-content-wrapper\">[vc_section full_width=\u00a0\u00bbstretch_row\u00a0\u00bb video_bg=\u00a0\u00bbyes\u00a0\u00bb video_bg_url=\u00a0\u00bbhttps:\/\/www.youtube.com\/watch?v=ZTfX9XRPeiU&amp;feature=youtu.be\u00a0\u00bb pix_over_visibility=\u00a0\u00bb\u00a0\u00bb pix_overlay_color=\u00a0\u00bbprimary\u00a0\u00bb pix_overlay_opacity=\u00a0\u00bb0.9&Prime; css=\u00a0\u00bb.vc_custom_1647602571851{padding-top: 40px !important;padding-bottom: 40px !important;}\u00a0\u00bb][vc_row full_width=\u00a0\u00bbstretch_row\u00a0\u00bb content_placement=\u00a0\u00bbmiddle\u00a0\u00bb pix_particles_check=\u00a0\u00bb\u00a0\u00bb pix_visibility=\u00a0\u00bb1&Prime; css=\u00a0\u00bb.vc_custom_1647603181573{padding-top: 150px !important;padding-bottom: 0px !important;}\u00a0\u00bb][vc_column]<div id=\"el1647601689697-c506b1c6-005e\" class=\"pix-highlighted-element text-left  vc_custom_1647609563893\"><h1 class=\"pix-highlighted-items animate-in\" style=\"\" data-anim-type=\"fade-in-down\" data-anim-delay=\"0\"><span id=\"el1647601689697-c506b1c6-005e-0\" class=\"pix-highlight-bg  el1647601689697-c506b1c6-005e-0 animate-in\" data-anim-type=\"highlight-grow\" data-anim-delay=\"200\"><span   class=\"pix-highlighted-text pix-highlight-item font-weight-normal  font-weight-bold heading-font text-gray-1\">Clean<\/span><\/span><span id=\"el1647601689697-c506b1c6-005e-1\"  class=\"\"><span   class=\"pix-highlighted-text  pix-highlight-item font-weight-normal  font-weight-bold heading-font text-gray-1\"> hydrogen at <\/span><\/span><span id=\"el1647601689697-c506b1c6-005e-2\" class=\"pix-highlight-bg  animate-in\" data-anim-type=\"highlight-grow\" data-anim-delay=\"200\"><span   class=\"pix-highlighted-text pix-highlight-item font-weight-normal  font-weight-bold heading-font text-gray-1\">competitive<\/span><\/span><span id=\"el1647601689697-c506b1c6-005e-3\"  class=\"\"><span   class=\"pix-highlighted-text  pix-highlight-item font-weight-normal  font-weight-bold heading-font text-gray-1\"> cost<\/span><\/span><\/h1><\/div><div  class=\"pix-heading-el text-left  vc_custom_1647611526365\"><div class=\"text-gray-2 font-weight-bold custom heading-text el-title_custom_color mb-12\" style=\"font-size:27px;\" data-anim-type=\"\" data-anim-delay=\"0\">D\u00e9couvrez le proc\u00e9d\u00e9 de Plenesys pour produire de l&apos;hydrog\u00e8ne propre sans \u00e9mission direct de CO&lt;sub&gt;2&lt;\/sub&gt;.<\/div><\/div>[\/vc_column][\/vc_row][vc_row full_width=\u00a0\u00bbstretch_row\u00a0\u00bb content_placement=\u00a0\u00bbmiddle\u00a0\u00bb pix_particles_check=\u00a0\u00bb\u00a0\u00bb pix_visibility=\u00a0\u00bb1&Prime; css=\u00a0\u00bb.vc_custom_1647603138520{padding-top: 60px !important;padding-bottom: 20px !important;}\u00a0\u00bb][vc_column]<div class=\"pix-el-text w-100  \" ><p class=\"  text-light-opacity-9  \" ><b>L&rsquo;hydrog\u00e8ne est consid\u00e9r\u00e9 comme le carburant de l&rsquo;avenir<\/b> et son potentiel le pr\u00e9sente comme l&rsquo;acteur principal pour une \u00e9nergie totalement d\u00e9carbon\u00e9e. Cependant, pour que l&rsquo;hydrog\u00e8ne devienne le principal vecteur \u00e9nerg\u00e9tique devant l&rsquo;huile et le gaz, des probl\u00e8mes majeurs doivent \u00eatre r\u00e9solus. En plus des challenges li\u00e9s au transport et au stockage de l&rsquo;hydrog\u00e8ne, <b>sa production \u00e0 un co\u00fbt comp\u00e9titif et dans le respect de l&rsquo;environnement fait encore l&rsquo;objet d&rsquo;efforts de recherche notables \u00e0 de nombreux niveaux..<\/b><\/p><\/div><div class=\"pix-el-text w-100  \" ><p class=\"  text-light-opacity-9  \" >Two means of production are principally used:\r\n\u2022 <b>Steam Methane Reforming,<\/b> or SMR, using natural gas and rejecting more than 10kg of CO<sub>2<\/sub> per kg of hydrogen produced.\r\n\u2022 <b>Water electrolysis,<\/b> which is clean but more than 5 times more expensive than SMR.<\/p><\/div><div class=\"pix-el-text w-100  \" ><p class=\"  text-light-opacity-9  \" >Chez Plenesys, <b>nous pensons que la pyrolyse plasma de m\u00e9thane est l&rsquo;alternative la plus efficace pour la production d&rsquo;hydrog\u00e8ne de demain :\u00a0 c&rsquo;est \u00e0 la fois propre et \u00e0 co\u00fbt comp\u00e9titif.<\/b> La pyrolyse de m\u00e9thane \u00e0 l&rsquo;aide de plasma produit de l&rsquo;hydrog\u00e8ne et de la poudre de carbone qui est ensuite revalorisable sur le march\u00e9. Dans ce livre blanc, nous voulons vous partager notre vision et vous pr\u00e9senter HyPlasma\u00ae, <b>notre solution pour une production d&rsquo;hydrog\u00e8ne propre \u00e0 co\u00fbt comp\u00e9titif.<\/b><\/p><\/div><div id=\"duo-icon-99459742\" class=\"pix-icon text-center \"><div class=\"pix-icon-bg feature_img position-relative d-inline-block animate-in  \" data-anim-type=\"fade-in-down\" data-anim-delay=\"0\" style=\"width:55px;height:55px;position:relative;line-height:55px;text-align:center;\"><span style=\"font-size:55px;line-height:55px;\" class=\"text-secondary d-inline-flex align-middle\"><svg class=\"pixfort-icon \" width=\"55\" height=\"55\"  data-name=\"Duotone\/pixfort-icon-arrow-bottom-double-1\" viewBox=\"2 2 20 20\"><g fill=\"none\" fill-rule=\"evenodd\"><path fill=\"var(--pf-icon-color)\" fill-opacity=\".25\" d=\"M6.29289322,6.29289322 C6.68341751,5.90236893 7.31658249,5.90236893 7.70710678,6.29289322 L12,10.585 L16.2928932,6.29289322 C16.6533772,5.93240926 17.2206082,5.90467972 17.6128994,6.20970461 L17.7071068,6.29289322 C18.0976311,6.68341751 18.0976311,7.31658249 17.7071068,7.70710678 L12.7071068,12.7071068 C12.3165825,13.0976311 11.6834175,13.0976311 11.2928932,12.7071068 L6.29289322,7.70710678 C5.90236893,7.31658249 5.90236893,6.68341751 6.29289322,6.29289322 Z\"\/><path fill=\"var(--pf-icon-color)\" d=\"M6.29289322,11.2928932 C6.68341751,10.9023689 7.31658249,10.9023689 7.70710678,11.2928932 L12,15.585 L16.2928932,11.2928932 C16.6533772,10.9324093 17.2206082,10.9046797 17.6128994,11.2097046 L17.7071068,11.2928932 C18.0976311,11.6834175 18.0976311,12.3165825 17.7071068,12.7071068 L12.7071068,17.7071068 C12.3165825,18.0976311 11.6834175,18.0976311 11.2928932,17.7071068 L6.29289322,12.7071068 C5.90236893,12.3165825 5.90236893,11.6834175 6.29289322,11.2928932 Z\"\/><\/g><\/svg><\/span><\/div><\/div>[\/vc_column][\/vc_row][vc_row full_width=\u00a0\u00bbstretch_row\u00a0\u00bb content_placement=\u00a0\u00bbmiddle\u00a0\u00bb pix_particles_check=\u00a0\u00bb\u00a0\u00bb pix_visibility=\u00a0\u00bb1&Prime; css=\u00a0\u00bb.vc_custom_1647599912278{padding-top: 0px !important;padding-bottom: 100px !important;}\u00a0\u00bb][vc_column width=\u00a0\u00bb1\/2&Prime; css=\u00a0\u00bb.vc_custom_1647601226730{padding-top: 0px !important;padding-bottom: 0px !important;}\u00a0\u00bb]<div id=\"img-9219280cb7a9655df40bc4ee5615eee9\" class=\"pix-img-element d-inline-block \"  ><div class=\"pix-img-el     text-left d-inline-block  w-100 rounded-0\"  data-jarallax-element=\" 100\" data-xaxis=\"\" data-yaxis=\"100\"><img loading=\"lazy\" decoding=\"async\" width=\"965\" height=\"1306\" src=\"https:\/\/plenesys.com\/wp-content\/uploads\/2022\/03\/Front_Whitepaper.png\" class=\"pix-img-elem rounded-0\" alt=\"Image link\" srcset=\"https:\/\/plenesys.com\/wp-content\/uploads\/2022\/03\/Front_Whitepaper.png 965w, https:\/\/plenesys.com\/wp-content\/uploads\/2022\/03\/Front_Whitepaper-222x300.png 222w, https:\/\/plenesys.com\/wp-content\/uploads\/2022\/03\/Front_Whitepaper-757x1024.png 757w, https:\/\/plenesys.com\/wp-content\/uploads\/2022\/03\/Front_Whitepaper-768x1039.png 768w\" sizes=\"auto, (max-width: 965px) 100vw, 965px\" \/><\/div><\/div>[\/vc_column][vc_column width=\u00a0\u00bb1\/2&Prime; css=\u00a0\u00bb.vc_custom_1647601205220{padding-top: 0px !important;padding-bottom: 0px !important;}\u00a0\u00bb]<div class=\"pix-content-box card      vc_custom_1647601444334    rounded-xl shadow-lg shadow-hover-lg bg- w-100  \"    ><div class=\"\" style=\"z-index:30;position:relative;\"><div id=\"img-f4f965b39f530d3cbb6300635ec21562\" class=\"pix-img-element d-inline-block \"  ><div class=\"pix-img-el  vc_custom_1647601345559    text-left d-inline-block  w-100 rounded-xl\"  ><img loading=\"lazy\" decoding=\"async\" width=\"256\" height=\"256\" src=\"https:\/\/plenesys.com\/wp-content\/uploads\/2021\/01\/P.png\" class=\"pix-img-elem rounded-xl\" alt=\"Image link\" srcset=\"https:\/\/plenesys.com\/wp-content\/uploads\/2021\/01\/P.png 256w, https:\/\/plenesys.com\/wp-content\/uploads\/2021\/01\/P-150x150.png 150w, https:\/\/plenesys.com\/wp-content\/uploads\/2021\/01\/P-75x75.png 75w\" sizes=\"auto, (max-width: 256px) 100vw, 256px\" \/><\/div><\/div><div  class=\"pix-heading-el text-left \"><h3 class=\"text-heading-default font-weight-bold h3 animate-in heading-text el-title_custom_color mb-12\" style=\"\" data-anim-type=\"fade-in-up\" data-anim-delay=\"0\">T\u00e9l\u00e9chargez notre Livre Blanc<\/h3><\/div><div class=\"pix-el-text w-100   vc_custom_1647600354714\" ><div class=\"d-inline-block\" style=\"max-width:500px;\"><p class=\"text-20  text-body-default  \" ><span class=\"text-body-default animate-in d-inline-block\" data-anim-delay=\"200\" data-anim-type=\"fade-in-up\">Veuillez remplir le formulaire pour recevoir le livre blanc dans votre bo\u00eete mail.<\/span><\/p><\/div><\/div>\n<div class=\"wpcf7 no-js\" id=\"wpcf7-f5280-o1\" lang=\"fr-FR\" dir=\"ltr\" data-wpcf7-id=\"5280\">\n<div class=\"screen-reader-response\"><p role=\"status\" aria-live=\"polite\" aria-atomic=\"true\"><\/p> <ul><\/ul><\/div>\n<form action=\"\/fr\/wp-json\/wp\/v2\/pages\/5175#wpcf7-f5280-o1\" method=\"post\" class=\"wpcf7-form init wpcf7-acceptance-as-validation\" aria-label=\"Formulaire de contact\" novalidate=\"novalidate\" data-status=\"init\">\n<fieldset class=\"hidden-fields-container\"><input type=\"hidden\" name=\"_wpcf7\" value=\"5280\" \/><input type=\"hidden\" name=\"_wpcf7_version\" value=\"6.1.5\" \/><input type=\"hidden\" name=\"_wpcf7_locale\" value=\"fr_FR\" \/><input type=\"hidden\" name=\"_wpcf7_unit_tag\" value=\"wpcf7-f5280-o1\" \/><input type=\"hidden\" name=\"_wpcf7_container_post\" value=\"0\" \/><input type=\"hidden\" name=\"_wpcf7_posted_data_hash\" value=\"\" \/><input type=\"hidden\" name=\"_wpcf7_recaptcha_response\" value=\"\" \/>\n<\/fieldset>\n<div class=\"pix-contact7-form\"><div class=\"row\">\n\t<div class=\"col-md-6\">\n\t\t<p><label class=\"w-100\">Votre nom*<br \/>\n<span class=\"wpcf7-form-control-wrap\" data-name=\"your-name\"><input size=\"40\" maxlength=\"400\" class=\"wpcf7-form-control wpcf7-text wpcf7-validates-as-required pix-my-5 form-control bg-gray-1 shadow-0\" aria-required=\"true\" aria-invalid=\"false\" placeholder=\"John Doe\" value=\"\" type=\"text\" name=\"your-name\" \/><\/span><\/label>\n\t\t<\/p>\n\t<\/div>\n\t<div class=\"col-md-6\">\n\t\t<p><label class=\"w-100\">Votre entreprise<br \/>\n<span class=\"wpcf7-form-control-wrap\" data-name=\"Yourcompany\"><input size=\"40\" maxlength=\"400\" class=\"wpcf7-form-control wpcf7-text pix-my-5 form-control bg-gray-1 shadow-0\" aria-invalid=\"false\" placeholder=\"Plenesys\" value=\"\" type=\"text\" name=\"Yourcompany\" \/><\/span><\/label>\n\t\t<\/p>\n\t<\/div>\n<\/div>\n<div class=\"row\">\n\t<div class=\"col-md-12\">\n\t\t<p><label class=\"w-100\">Votre email*<span class=\"wpcf7-form-control-wrap\" data-name=\"your-email\"><input size=\"40\" maxlength=\"400\" class=\"wpcf7-form-control wpcf7-email wpcf7-validates-as-required wpcf7-text wpcf7-validates-as-email pix-my-5 form-control bg-gray-1 shadow-0\" aria-required=\"true\" aria-invalid=\"false\" placeholder=\"john.doe@entreprise.com\" value=\"\" type=\"email\" name=\"your-email\" \/><\/span><\/label>\n\t\t<\/p>\n\t<\/div>\n<\/div>\n<div class=\"row\">\n\t<p><span class=\"wpcf7-form-control-wrap\" data-name=\"term_and_conditions\"><span class=\"wpcf7-form-control wpcf7-acceptance\"><span class=\"wpcf7-list-item\"><label><input type=\"checkbox\" name=\"term_and_conditions\" value=\"1\" class=\"required\" aria-invalid=\"false\" \/><span class=\"wpcf7-list-item-label\">J'autorise Plenesys \u00e0 stocker mes donn\u00e9es dans le contexte du RGPD selon les <a href=\"https:\/\/plenesys.com\/fr\/mentions-legales\" target=\"_blank\">Mentions L\u00e9gales<\/a>.<\/span><\/label><\/span><\/span><\/span><br \/>\n<span class=\"wpcf7-form-control-wrap\" data-name=\"email_acceptance\"><span class=\"wpcf7-form-control wpcf7-acceptance optional\"><span class=\"wpcf7-list-item\"><label><input type=\"checkbox\" name=\"email_acceptance\" value=\"1\" aria-invalid=\"false\" \/><span class=\"wpcf7-list-item-label\">J'autorise Plenesys \u00e0 me contacter par email.<\/span><\/label><\/span><\/span><\/span>\n\t<\/p>\n<\/div>\n<p><input class=\"wpcf7-form-control wpcf7-submit has-spinner btn btn-secondary text-white w-100 pix-mt-10 font-weight-bold btn-lg secondary-font\" type=\"submit\" value=\"T\u00e9l\u00e9charger notre Livre Blanc\" \/>\n<\/p><\/div><div class=\"wpcf7-response-output\" aria-hidden=\"true\"><\/div>\n<\/form>\n<\/div>\n<\/div><\/div>[\/vc_column][\/vc_row][\/vc_section]<\/div>","protected":false},"excerpt":{"rendered":"[vc_section full_width=\u00a0\u00bbstretch_row\u00a0\u00bb video_bg=\u00a0\u00bbyes\u00a0\u00bb video_bg_url=\u00a0\u00bbhttps:\/\/www.youtube.com\/watch?v=ZTfX9XRPeiU&amp;feature=youtu.be\u00a0\u00bb pix_over_visibility=\u00a0\u00bb\u00a0\u00bb pix_overlay_color=\u00a0\u00bbprimary\u00a0\u00bb pix_overlay_opacity=\u00a0\u00bb0.9&Prime; css=\u00a0\u00bb.vc_custom_1647602571851{padding-top: 40px !important;padding-bottom: 40px !important;}\u00a0\u00bb][vc_row full_width=\u00a0\u00bbstretch_row\u00a0\u00bb content_placement=\u00a0\u00bbmiddle\u00a0\u00bb pix_particles_check=\u00a0\u00bb\u00a0\u00bb pix_visibility=\u00a0\u00bb1&Prime; css=\u00a0\u00bb.vc_custom_1647603181573{padding-top: 150px !important;padding-bottom: 0px !important;}\u00a0\u00bb][vc_column][\/vc_column][\/vc_row][vc_row full_width=\u00a0\u00bbstretch_row\u00a0\u00bb content_placement=\u00a0\u00bbmiddle\u00a0\u00bb pix_particles_check=\u00a0\u00bb\u00a0\u00bb pix_visibility=\u00a0\u00bb1&Prime; css=\u00a0\u00bb.vc_custom_1647603138520{padding-top: 60px !important;padding-bottom: 20px !important;}\u00a0\u00bb][vc_column][\/vc_column][\/vc_row][vc_row full_width=\u00a0\u00bbstretch_row\u00a0\u00bb content_placement=\u00a0\u00bbmiddle\u00a0\u00bb pix_particles_check=\u00a0\u00bb\u00a0\u00bb pix_visibility=\u00a0\u00bb1&Prime; css=\u00a0\u00bb.vc_custom_1647599912278{padding-top: 0px !important;padding-bottom: 100px !important;}\u00a0\u00bb][vc_column width=\u00a0\u00bb1\/2&Prime;&#8230;","protected":false},"author":1,"featured_media":5216,"parent":4228,"menu_order":0,"comment_status":"closed","ping_status":"closed","template":"","meta":{"footnotes":""},"class_list":["post-5175","page","type-page","status-publish","has-post-thumbnail","hentry"],"yoast_head":"<!-- This site is optimized with the Yoast SEO plugin v27.4 - https:\/\/yoast.com\/product\/yoast-seo-wordpress\/ -->\n<title>Hydrog\u00e8ne propre \u00e0 prix comp\u00e9titif - Plenesys<\/title>\n<meta name=\"description\" content=\"Avec HyPlasma, Plenesys propose une s\u00e9rieuse alternative aux proc\u00e9d\u00e9s de production d&#039;hydrog\u00e8ne trop chers ou trop polluants.\" \/>\n<meta name=\"robots\" content=\"index, follow, max-snippet:-1, max-image-preview:large, max-video-preview:-1\" \/>\n<link rel=\"canonical\" href=\"https:\/\/plenesys.com\/fr\/hyplasma\/hydrogene-propre\/\" \/>\n<meta property=\"og:locale\" content=\"fr_FR\" \/>\n<meta property=\"og:type\" content=\"article\" \/>\n<meta property=\"og:title\" content=\"Hydrog\u00e8ne propre \u00e0 prix comp\u00e9titif - Plenesys\" \/>\n<meta property=\"og:description\" content=\"Avec HyPlasma, Plenesys propose une s\u00e9rieuse alternative aux proc\u00e9d\u00e9s de production d&#039;hydrog\u00e8ne trop chers ou trop polluants.\" \/>\n<meta property=\"og:url\" content=\"https:\/\/plenesys.com\/fr\/hyplasma\/hydrogene-propre\/\" \/>\n<meta property=\"og:site_name\" content=\"Plenesys\" \/>\n<meta property=\"article:modified_time\" content=\"2025-01-28T08:24:50+00:00\" \/>\n<meta property=\"og:image\" content=\"https:\/\/plenesys.com\/wp-content\/uploads\/2022\/03\/plenesys-whitepaper-clean-hydrogen.png\" \/>\n<meta name=\"twitter:card\" content=\"summary_large_image\" \/>\n<meta name=\"twitter:image\" content=\"https:\/\/plenesys.com\/wp-content\/uploads\/2022\/03\/plenesys-whitepaper-clean-hydrogen.png\" \/>\n<meta name=\"twitter:site\" content=\"@plenesys\" \/>\n<meta name=\"twitter:label1\" content=\"Dur\u00e9e de lecture estim\u00e9e\" \/>\n\t<meta name=\"twitter:data1\" content=\"2 minutes\" \/>\n<script type=\"application\/ld+json\" class=\"yoast-schema-graph\">{\"@context\":\"https:\\\/\\\/schema.org\",\"@graph\":[{\"@type\":\"WebPage\",\"@id\":\"https:\\\/\\\/plenesys.com\\\/fr\\\/hyplasma\\\/hydrogene-propre\\\/\",\"url\":\"https:\\\/\\\/plenesys.com\\\/fr\\\/hyplasma\\\/hydrogene-propre\\\/\",\"name\":\"Hydrog\u00e8ne propre \u00e0 prix comp\u00e9titif - Plenesys\",\"isPartOf\":{\"@id\":\"https:\\\/\\\/plenesys.com\\\/fr\\\/#website\"},\"primaryImageOfPage\":{\"@id\":\"https:\\\/\\\/plenesys.com\\\/fr\\\/hyplasma\\\/hydrogene-propre\\\/#primaryimage\"},\"image\":{\"@id\":\"https:\\\/\\\/plenesys.com\\\/fr\\\/hyplasma\\\/hydrogene-propre\\\/#primaryimage\"},\"thumbnailUrl\":\"https:\\\/\\\/plenesys.com\\\/wp-content\\\/uploads\\\/2022\\\/03\\\/plenesys-whitepaper-clean-hydrogen.png\",\"datePublished\":\"2022-03-18T15:44:32+00:00\",\"dateModified\":\"2025-01-28T08:24:50+00:00\",\"description\":\"Avec HyPlasma, Plenesys propose une s\u00e9rieuse alternative aux proc\u00e9d\u00e9s de production d'hydrog\u00e8ne trop chers ou trop polluants.\",\"breadcrumb\":{\"@id\":\"https:\\\/\\\/plenesys.com\\\/fr\\\/hyplasma\\\/hydrogene-propre\\\/#breadcrumb\"},\"inLanguage\":\"fr-FR\",\"potentialAction\":[{\"@type\":\"ReadAction\",\"target\":[\"https:\\\/\\\/plenesys.com\\\/fr\\\/hyplasma\\\/hydrogene-propre\\\/\"]}]},{\"@type\":\"ImageObject\",\"inLanguage\":\"fr-FR\",\"@id\":\"https:\\\/\\\/plenesys.com\\\/fr\\\/hyplasma\\\/hydrogene-propre\\\/#primaryimage\",\"url\":\"https:\\\/\\\/plenesys.com\\\/wp-content\\\/uploads\\\/2022\\\/03\\\/plenesys-whitepaper-clean-hydrogen.png\",\"contentUrl\":\"https:\\\/\\\/plenesys.com\\\/wp-content\\\/uploads\\\/2022\\\/03\\\/plenesys-whitepaper-clean-hydrogen.png\",\"width\":2000,\"height\":2000,\"caption\":\"Clean hydrogen at competitive costs whitepaper\"},{\"@type\":\"BreadcrumbList\",\"@id\":\"https:\\\/\\\/plenesys.com\\\/fr\\\/hyplasma\\\/hydrogene-propre\\\/#breadcrumb\",\"itemListElement\":[{\"@type\":\"ListItem\",\"position\":1,\"name\":\"Home\",\"item\":\"https:\\\/\\\/plenesys.com\\\/fr\\\/\"},{\"@type\":\"ListItem\",\"position\":2,\"name\":\"HyPlasma\",\"item\":\"https:\\\/\\\/plenesys.com\\\/fr\\\/hyplasma\\\/\"},{\"@type\":\"ListItem\",\"position\":3,\"name\":\"Hydrog\u00e8ne propre \u00e0 prix comp\u00e9titif\"}]},{\"@type\":\"WebSite\",\"@id\":\"https:\\\/\\\/plenesys.com\\\/fr\\\/#website\",\"url\":\"https:\\\/\\\/plenesys.com\\\/fr\\\/\",\"name\":\"PLENESYS\",\"description\":\"Plasma Energy Systems\",\"publisher\":{\"@id\":\"https:\\\/\\\/plenesys.com\\\/fr\\\/#organization\"},\"potentialAction\":[{\"@type\":\"SearchAction\",\"target\":{\"@type\":\"EntryPoint\",\"urlTemplate\":\"https:\\\/\\\/plenesys.com\\\/fr\\\/?s={search_term_string}\"},\"query-input\":{\"@type\":\"PropertyValueSpecification\",\"valueRequired\":true,\"valueName\":\"search_term_string\"}}],\"inLanguage\":\"fr-FR\"},{\"@type\":\"Organization\",\"@id\":\"https:\\\/\\\/plenesys.com\\\/fr\\\/#organization\",\"name\":\"PLENESYS\",\"url\":\"https:\\\/\\\/plenesys.com\\\/fr\\\/\",\"logo\":{\"@type\":\"ImageObject\",\"inLanguage\":\"fr-FR\",\"@id\":\"https:\\\/\\\/plenesys.com\\\/fr\\\/#\\\/schema\\\/logo\\\/image\\\/\",\"url\":\"https:\\\/\\\/plenesys.com\\\/wp-content\\\/uploads\\\/2021\\\/04\\\/logo.png\",\"contentUrl\":\"https:\\\/\\\/plenesys.com\\\/wp-content\\\/uploads\\\/2021\\\/04\\\/logo.png\",\"width\":880,\"height\":219,\"caption\":\"PLENESYS\"},\"image\":{\"@id\":\"https:\\\/\\\/plenesys.com\\\/fr\\\/#\\\/schema\\\/logo\\\/image\\\/\"},\"sameAs\":[\"https:\\\/\\\/x.com\\\/plenesys\",\"https:\\\/\\\/linkedin.com\\\/company\\\/plenesys\"]}]}<\/script>\n<!-- \/ Yoast SEO plugin. -->","yoast_head_json":{"title":"Hydrog\u00e8ne propre \u00e0 prix comp\u00e9titif - Plenesys","description":"Avec HyPlasma, Plenesys propose une s\u00e9rieuse alternative aux proc\u00e9d\u00e9s de production d'hydrog\u00e8ne trop chers ou trop polluants.","robots":{"index":"index","follow":"follow","max-snippet":"max-snippet:-1","max-image-preview":"max-image-preview:large","max-video-preview":"max-video-preview:-1"},"canonical":"https:\/\/plenesys.com\/fr\/hyplasma\/hydrogene-propre\/","og_locale":"fr_FR","og_type":"article","og_title":"Hydrog\u00e8ne propre \u00e0 prix comp\u00e9titif - Plenesys","og_description":"Avec HyPlasma, Plenesys propose une s\u00e9rieuse alternative aux proc\u00e9d\u00e9s de production d'hydrog\u00e8ne trop chers ou trop polluants.","og_url":"https:\/\/plenesys.com\/fr\/hyplasma\/hydrogene-propre\/","og_site_name":"Plenesys","article_modified_time":"2025-01-28T08:24:50+00:00","og_image":[{"url":"https:\/\/plenesys.com\/wp-content\/uploads\/2022\/03\/plenesys-whitepaper-clean-hydrogen.png","type":"","width":"","height":""}],"twitter_card":"summary_large_image","twitter_image":"https:\/\/plenesys.com\/wp-content\/uploads\/2022\/03\/plenesys-whitepaper-clean-hydrogen.png","twitter_site":"@plenesys","twitter_misc":{"Dur\u00e9e de lecture estim\u00e9e":"2 minutes"},"schema":{"@context":"https:\/\/schema.org","@graph":[{"@type":"WebPage","@id":"https:\/\/plenesys.com\/fr\/hyplasma\/hydrogene-propre\/","url":"https:\/\/plenesys.com\/fr\/hyplasma\/hydrogene-propre\/","name":"Hydrog\u00e8ne propre \u00e0 prix comp\u00e9titif - Plenesys","isPartOf":{"@id":"https:\/\/plenesys.com\/fr\/#website"},"primaryImageOfPage":{"@id":"https:\/\/plenesys.com\/fr\/hyplasma\/hydrogene-propre\/#primaryimage"},"image":{"@id":"https:\/\/plenesys.com\/fr\/hyplasma\/hydrogene-propre\/#primaryimage"},"thumbnailUrl":"https:\/\/plenesys.com\/wp-content\/uploads\/2022\/03\/plenesys-whitepaper-clean-hydrogen.png","datePublished":"2022-03-18T15:44:32+00:00","dateModified":"2025-01-28T08:24:50+00:00","description":"Avec HyPlasma, Plenesys propose une s\u00e9rieuse alternative aux proc\u00e9d\u00e9s de production d'hydrog\u00e8ne trop chers ou trop polluants.","breadcrumb":{"@id":"https:\/\/plenesys.com\/fr\/hyplasma\/hydrogene-propre\/#breadcrumb"},"inLanguage":"fr-FR","potentialAction":[{"@type":"ReadAction","target":["https:\/\/plenesys.com\/fr\/hyplasma\/hydrogene-propre\/"]}]},{"@type":"ImageObject","inLanguage":"fr-FR","@id":"https:\/\/plenesys.com\/fr\/hyplasma\/hydrogene-propre\/#primaryimage","url":"https:\/\/plenesys.com\/wp-content\/uploads\/2022\/03\/plenesys-whitepaper-clean-hydrogen.png","contentUrl":"https:\/\/plenesys.com\/wp-content\/uploads\/2022\/03\/plenesys-whitepaper-clean-hydrogen.png","width":2000,"height":2000,"caption":"Clean hydrogen at competitive costs whitepaper"},{"@type":"BreadcrumbList","@id":"https:\/\/plenesys.com\/fr\/hyplasma\/hydrogene-propre\/#breadcrumb","itemListElement":[{"@type":"ListItem","position":1,"name":"Home","item":"https:\/\/plenesys.com\/fr\/"},{"@type":"ListItem","position":2,"name":"HyPlasma","item":"https:\/\/plenesys.com\/fr\/hyplasma\/"},{"@type":"ListItem","position":3,"name":"Hydrog\u00e8ne propre \u00e0 prix comp\u00e9titif"}]},{"@type":"WebSite","@id":"https:\/\/plenesys.com\/fr\/#website","url":"https:\/\/plenesys.com\/fr\/","name":"PLENESYS","description":"Plasma Energy Systems","publisher":{"@id":"https:\/\/plenesys.com\/fr\/#organization"},"potentialAction":[{"@type":"SearchAction","target":{"@type":"EntryPoint","urlTemplate":"https:\/\/plenesys.com\/fr\/?s={search_term_string}"},"query-input":{"@type":"PropertyValueSpecification","valueRequired":true,"valueName":"search_term_string"}}],"inLanguage":"fr-FR"},{"@type":"Organization","@id":"https:\/\/plenesys.com\/fr\/#organization","name":"PLENESYS","url":"https:\/\/plenesys.com\/fr\/","logo":{"@type":"ImageObject","inLanguage":"fr-FR","@id":"https:\/\/plenesys.com\/fr\/#\/schema\/logo\/image\/","url":"https:\/\/plenesys.com\/wp-content\/uploads\/2021\/04\/logo.png","contentUrl":"https:\/\/plenesys.com\/wp-content\/uploads\/2021\/04\/logo.png","width":880,"height":219,"caption":"PLENESYS"},"image":{"@id":"https:\/\/plenesys.com\/fr\/#\/schema\/logo\/image\/"},"sameAs":["https:\/\/x.com\/plenesys","https:\/\/linkedin.com\/company\/plenesys"]}]}},"jetpack_sharing_enabled":true,"_links":{"self":[{"href":"https:\/\/plenesys.com\/fr\/wp-json\/wp\/v2\/pages\/5175","targetHints":{"allow":["GET"]}}],"collection":[{"href":"https:\/\/plenesys.com\/fr\/wp-json\/wp\/v2\/pages"}],"about":[{"href":"https:\/\/plenesys.com\/fr\/wp-json\/wp\/v2\/types\/page"}],"author":[{"embeddable":true,"href":"https:\/\/plenesys.com\/fr\/wp-json\/wp\/v2\/users\/1"}],"replies":[{"embeddable":true,"href":"https:\/\/plenesys.com\/fr\/wp-json\/wp\/v2\/comments?post=5175"}],"version-history":[{"count":13,"href":"https:\/\/plenesys.com\/fr\/wp-json\/wp\/v2\/pages\/5175\/revisions"}],"predecessor-version":[{"id":13379,"href":"https:\/\/plenesys.com\/fr\/wp-json\/wp\/v2\/pages\/5175\/revisions\/13379"}],"up":[{"embeddable":true,"href":"https:\/\/plenesys.com\/fr\/wp-json\/wp\/v2\/pages\/4228"}],"wp:featuredmedia":[{"embeddable":true,"href":"https:\/\/plenesys.com\/fr\/wp-json\/wp\/v2\/media\/5216"}],"wp:attachment":[{"href":"https:\/\/plenesys.com\/fr\/wp-json\/wp\/v2\/media?parent=5175"}],"curies":[{"name":"wp","href":"https:\/\/api.w.org\/{rel}","templated":true}]}}