{"id":6228,"date":"2022-07-12T10:32:29","date_gmt":"2022-07-12T09:32:29","guid":{"rendered":"https:\/\/plenesys.com\/homepage\/actualites\/hannover-messe\/"},"modified":"2022-07-12T10:44:53","modified_gmt":"2022-07-12T09:44:53","slug":"hannover-messe","status":"publish","type":"page","link":"https:\/\/plenesys.com\/fr\/homepage\/actualites\/hannover-messe\/","title":{"rendered":"Hannover Messe"},"content":{"rendered":"<div class=\"wpb-content-wrapper\"><p>[vc_section full_width=\u00a0\u00bbstretch_row\u00a0\u00bb fade_in_opacity=\u00a0\u00bbpix-opacity-2&Prime; pix_over_visibility=\u00a0\u00bb\u00a0\u00bb bottom_divider_select=\u00a0\u00bb6&Prime; pix_overlay_color=\u00a0\u00bbdark-opacity-1&Prime; css=\u00a0\u00bb.vc_custom_1657619078910{padding-top: 100px !important;padding-bottom: 100px !important;}\u00a0\u00bb fade_in_intro=\u00a0\u00bb6223&Prime;][vc_row pix_particles_check=\u00a0\u00bb\u00a0\u00bb][vc_column content_align=\u00a0\u00bbtext-center\u00a0\u00bb]<div id=\"el1637312126131-23b30efc-d11d\" class=\"w-100 d-block \"><\/div><div class=\"pix-element-div w-100 text-center\"><span class=\"pix-badge-element h6 d-inline-flex mr-1 animate-in\" data-anim-type=\"fade-in-up\" data-anim-delay=\"0\"><span class=\"badge font-weight-bold  bg-dark-opacity-2  vc_custom_1637233312031  \" style=\" \"><span class=\"text-white\" style=\"\">\u00c9v\u00e9nement<\/span><\/span><\/span><\/div><div id=\"el1657617734582-319d626d-f1ca\" class=\"mb-3 text-center  vc_custom_1657617753261\"><div class=\"d-inline-block\" style=\"max-width:800px;\"><h1 class=\"mb-32 pix-sliding-headline-2 animate-in font-weight-bold secondary-font \" data-anim-type=\"pix-sliding-text\" data-class=\"secondary-font text-white\" style=\"\"><span class=\"slide-in-container \"><span class=\"pix-sliding-item secondary-font text-white\" style=\"transition-delay: 0ms;\">Hannover&#32;<\/span><\/span> <span class=\"slide-in-container \"><span class=\"pix-sliding-item secondary-font text-white\" style=\"transition-delay: 150ms;\">Messe&#32;<\/span><\/span> <\/h1><\/div><\/div><div id=\"el1637312135447-d36907ec-10e6\" class=\"w-100 d-block \"><\/div>[\/vc_column][\/vc_row][\/vc_section][vc_row pix_particles_check=\u00a0\u00bb\u00a0\u00bb][vc_column][vc_column_text]<!-- \/wp:post-content --><\/p>\r\n<p><!-- wp:shortcode -->[\/vc_column_text][\/vc_column][\/vc_row][vc_row pix_particles_check=\u00a0\u00bb\u00a0\u00bb][vc_column][vc_column_text]Du 30 mai au 2 juin, l\u2019\u00e9quipe de Plenesys \u00e9tait pr\u00e9sente \u00e0 Hannover Messe, le plus grand salon de la technologie industrielle au monde.<br \/>\r\nCet \u00e9v\u00e9nement nous a permis de vous pr\u00e9senter HyPlasma\u00ae, notre <strong>syst\u00e8me de production d\u2019hydrog\u00e8ne propre \u00e0 co\u00fbt comp\u00e9titif<\/strong> ainsi que notre <strong>torche plasma<\/strong>. Enfin, ce salon a \u00e9t\u00e9 l\u2019occasion d\u2019\u00e9changer avec vous sur les questions du d\u00e9veloppement durable et de l\u2019\u00e9lectrification des proc\u00e9d\u00e9s dans l\u2019industrie.[\/vc_column_text][\/vc_column][\/vc_row][vc_row pix_particles_check=\u00a0\u00bb\u00a0\u00bb][vc_column][vc_column_text]<!-- \/wp:shortcode -->[\/vc_column_text][\/vc_column][\/vc_row][vc_row pix_particles_check=\u00a0\u00bb\u00a0\u00bb][vc_column][vc_single_image image=\u00a0\u00bb6226&Prime; img_size=\u00a0\u00bblarge\u00a0\u00bb alignment=\u00a0\u00bbcenter\u00a0\u00bb][\/vc_column][\/vc_row]<\/p>\r\n<\/div>","protected":false},"excerpt":{"rendered":"[vc_section full_width=\u00a0\u00bbstretch_row\u00a0\u00bb fade_in_opacity=\u00a0\u00bbpix-opacity-2&Prime; pix_over_visibility=\u00a0\u00bb\u00a0\u00bb bottom_divider_select=\u00a0\u00bb6&Prime; pix_overlay_color=\u00a0\u00bbdark-opacity-1&Prime; css=\u00a0\u00bb.vc_custom_1657619078910{padding-top: 100px !important;padding-bottom: 100px !important;}\u00a0\u00bb fade_in_intro=\u00a0\u00bb6223&Prime;][vc_row pix_particles_check=\u00a0\u00bb\u00a0\u00bb][vc_column content_align=\u00a0\u00bbtext-center\u00a0\u00bb][\/vc_column][\/vc_row][\/vc_section][vc_row pix_particles_check=\u00a0\u00bb\u00a0\u00bb][vc_column][vc_column_text] [\/vc_column_text][\/vc_column][\/vc_row][vc_row pix_particles_check=\u00a0\u00bb\u00a0\u00bb][vc_column][vc_column_text]Du 30 mai au 2 juin, l\u2019\u00e9quipe de Plenesys \u00e9tait pr\u00e9sente \u00e0 Hannover Messe, le plus grand salon de la technologie industrielle au monde&#8230;.","protected":false},"author":1,"featured_media":0,"parent":4671,"menu_order":0,"comment_status":"closed","ping_status":"closed","template":"","meta":{"footnotes":""},"class_list":["post-6228","page","type-page","status-publish","hentry"],"yoast_head":"<!-- This site is optimized with the Yoast SEO plugin v27.4 - https:\/\/yoast.com\/product\/yoast-seo-wordpress\/ -->\n<title>Hannover Messe - Plenesys<\/title>\n<meta name=\"robots\" content=\"index, follow, max-snippet:-1, max-image-preview:large, max-video-preview:-1\" \/>\n<link rel=\"canonical\" href=\"https:\/\/plenesys.com\/fr\/homepage\/actualites\/hannover-messe\/\" \/>\n<meta property=\"og:locale\" content=\"fr_FR\" \/>\n<meta property=\"og:type\" content=\"article\" \/>\n<meta property=\"og:title\" content=\"Hannover Messe - Plenesys\" \/>\n<meta property=\"og:description\" content=\"[vc_section full_width=\u00a0\u00bbstretch_row\u00a0\u00bb fade_in_opacity=\u00a0\u00bbpix-opacity-2&Prime; pix_over_visibility=\u00a0\u00bb\u00a0\u00bb bottom_divider_select=\u00a0\u00bb6&Prime; pix_overlay_color=\u00a0\u00bbdark-opacity-1&Prime; css=\u00a0\u00bb.vc_custom_1657619078910{padding-top: 100px !important;padding-bottom: 100px !important;}\u00a0\u00bb fade_in_intro=\u00a0\u00bb6223&Prime;][vc_row pix_particles_check=\u00a0\u00bb\u00a0\u00bb][vc_column content_align=\u00a0\u00bbtext-center\u00a0\u00bb][\/vc_column][\/vc_row][\/vc_section][vc_row pix_particles_check=\u00a0\u00bb\u00a0\u00bb][vc_column][vc_column_text] [\/vc_column_text][\/vc_column][\/vc_row][vc_row pix_particles_check=\u00a0\u00bb\u00a0\u00bb][vc_column][vc_column_text]Du 30 mai au 2 juin, l\u2019\u00e9quipe de Plenesys \u00e9tait pr\u00e9sente \u00e0 Hannover Messe, le plus grand salon de la technologie industrielle au monde....\" \/>\n<meta property=\"og:url\" content=\"https:\/\/plenesys.com\/fr\/homepage\/actualites\/hannover-messe\/\" \/>\n<meta property=\"og:site_name\" content=\"Plenesys\" \/>\n<meta property=\"article:modified_time\" content=\"2022-07-12T09:44:53+00:00\" \/>\n<meta name=\"twitter:card\" content=\"summary_large_image\" \/>\n<meta name=\"twitter:site\" content=\"@plenesys\" \/>\n<meta name=\"twitter:label1\" content=\"Dur\u00e9e de lecture estim\u00e9e\" \/>\n\t<meta name=\"twitter:data1\" content=\"1 minute\" \/>\n<script type=\"application\/ld+json\" class=\"yoast-schema-graph\">{\"@context\":\"https:\\\/\\\/schema.org\",\"@graph\":[{\"@type\":\"WebPage\",\"@id\":\"https:\\\/\\\/plenesys.com\\\/fr\\\/homepage\\\/actualites\\\/hannover-messe\\\/\",\"url\":\"https:\\\/\\\/plenesys.com\\\/fr\\\/homepage\\\/actualites\\\/hannover-messe\\\/\",\"name\":\"Hannover Messe - Plenesys\",\"isPartOf\":{\"@id\":\"https:\\\/\\\/plenesys.com\\\/fr\\\/#website\"},\"datePublished\":\"2022-07-12T09:32:29+00:00\",\"dateModified\":\"2022-07-12T09:44:53+00:00\",\"breadcrumb\":{\"@id\":\"https:\\\/\\\/plenesys.com\\\/fr\\\/homepage\\\/actualites\\\/hannover-messe\\\/#breadcrumb\"},\"inLanguage\":\"fr-FR\",\"potentialAction\":[{\"@type\":\"ReadAction\",\"target\":[\"https:\\\/\\\/plenesys.com\\\/fr\\\/homepage\\\/actualites\\\/hannover-messe\\\/\"]}]},{\"@type\":\"BreadcrumbList\",\"@id\":\"https:\\\/\\\/plenesys.com\\\/fr\\\/homepage\\\/actualites\\\/hannover-messe\\\/#breadcrumb\",\"itemListElement\":[{\"@type\":\"ListItem\",\"position\":1,\"name\":\"Home\",\"item\":\"https:\\\/\\\/plenesys.com\\\/fr\\\/\"},{\"@type\":\"ListItem\",\"position\":2,\"name\":\"Accueil\",\"item\":\"https:\\\/\\\/plenesys.com\\\/fr\\\/\"},{\"@type\":\"ListItem\",\"position\":3,\"name\":\"Actualit\u00e9s\",\"item\":\"https:\\\/\\\/plenesys.com\\\/fr\\\/homepage\\\/actualites\\\/\"},{\"@type\":\"ListItem\",\"position\":4,\"name\":\"Hannover Messe\"}]},{\"@type\":\"WebSite\",\"@id\":\"https:\\\/\\\/plenesys.com\\\/fr\\\/#website\",\"url\":\"https:\\\/\\\/plenesys.com\\\/fr\\\/\",\"name\":\"PLENESYS\",\"description\":\"Plasma Energy Systems\",\"publisher\":{\"@id\":\"https:\\\/\\\/plenesys.com\\\/fr\\\/#organization\"},\"potentialAction\":[{\"@type\":\"SearchAction\",\"target\":{\"@type\":\"EntryPoint\",\"urlTemplate\":\"https:\\\/\\\/plenesys.com\\\/fr\\\/?s={search_term_string}\"},\"query-input\":{\"@type\":\"PropertyValueSpecification\",\"valueRequired\":true,\"valueName\":\"search_term_string\"}}],\"inLanguage\":\"fr-FR\"},{\"@type\":\"Organization\",\"@id\":\"https:\\\/\\\/plenesys.com\\\/fr\\\/#organization\",\"name\":\"PLENESYS\",\"url\":\"https:\\\/\\\/plenesys.com\\\/fr\\\/\",\"logo\":{\"@type\":\"ImageObject\",\"inLanguage\":\"fr-FR\",\"@id\":\"https:\\\/\\\/plenesys.com\\\/fr\\\/#\\\/schema\\\/logo\\\/image\\\/\",\"url\":\"https:\\\/\\\/plenesys.com\\\/wp-content\\\/uploads\\\/2021\\\/04\\\/logo.png\",\"contentUrl\":\"https:\\\/\\\/plenesys.com\\\/wp-content\\\/uploads\\\/2021\\\/04\\\/logo.png\",\"width\":880,\"height\":219,\"caption\":\"PLENESYS\"},\"image\":{\"@id\":\"https:\\\/\\\/plenesys.com\\\/fr\\\/#\\\/schema\\\/logo\\\/image\\\/\"},\"sameAs\":[\"https:\\\/\\\/x.com\\\/plenesys\",\"https:\\\/\\\/linkedin.com\\\/company\\\/plenesys\"]}]}<\/script>\n<!-- \/ Yoast SEO plugin. -->","yoast_head_json":{"title":"Hannover Messe - Plenesys","robots":{"index":"index","follow":"follow","max-snippet":"max-snippet:-1","max-image-preview":"max-image-preview:large","max-video-preview":"max-video-preview:-1"},"canonical":"https:\/\/plenesys.com\/fr\/homepage\/actualites\/hannover-messe\/","og_locale":"fr_FR","og_type":"article","og_title":"Hannover Messe - Plenesys","og_description":"[vc_section full_width=\u00a0\u00bbstretch_row\u00a0\u00bb fade_in_opacity=\u00a0\u00bbpix-opacity-2&Prime; pix_over_visibility=\u00a0\u00bb\u00a0\u00bb bottom_divider_select=\u00a0\u00bb6&Prime; pix_overlay_color=\u00a0\u00bbdark-opacity-1&Prime; css=\u00a0\u00bb.vc_custom_1657619078910{padding-top: 100px !important;padding-bottom: 100px !important;}\u00a0\u00bb fade_in_intro=\u00a0\u00bb6223&Prime;][vc_row pix_particles_check=\u00a0\u00bb\u00a0\u00bb][vc_column content_align=\u00a0\u00bbtext-center\u00a0\u00bb][\/vc_column][\/vc_row][\/vc_section][vc_row pix_particles_check=\u00a0\u00bb\u00a0\u00bb][vc_column][vc_column_text] [\/vc_column_text][\/vc_column][\/vc_row][vc_row pix_particles_check=\u00a0\u00bb\u00a0\u00bb][vc_column][vc_column_text]Du 30 mai au 2 juin, l\u2019\u00e9quipe de Plenesys \u00e9tait pr\u00e9sente \u00e0 Hannover Messe, le plus grand salon de la technologie industrielle au monde....","og_url":"https:\/\/plenesys.com\/fr\/homepage\/actualites\/hannover-messe\/","og_site_name":"Plenesys","article_modified_time":"2022-07-12T09:44:53+00:00","twitter_card":"summary_large_image","twitter_site":"@plenesys","twitter_misc":{"Dur\u00e9e de lecture estim\u00e9e":"1 minute"},"schema":{"@context":"https:\/\/schema.org","@graph":[{"@type":"WebPage","@id":"https:\/\/plenesys.com\/fr\/homepage\/actualites\/hannover-messe\/","url":"https:\/\/plenesys.com\/fr\/homepage\/actualites\/hannover-messe\/","name":"Hannover Messe - Plenesys","isPartOf":{"@id":"https:\/\/plenesys.com\/fr\/#website"},"datePublished":"2022-07-12T09:32:29+00:00","dateModified":"2022-07-12T09:44:53+00:00","breadcrumb":{"@id":"https:\/\/plenesys.com\/fr\/homepage\/actualites\/hannover-messe\/#breadcrumb"},"inLanguage":"fr-FR","potentialAction":[{"@type":"ReadAction","target":["https:\/\/plenesys.com\/fr\/homepage\/actualites\/hannover-messe\/"]}]},{"@type":"BreadcrumbList","@id":"https:\/\/plenesys.com\/fr\/homepage\/actualites\/hannover-messe\/#breadcrumb","itemListElement":[{"@type":"ListItem","position":1,"name":"Home","item":"https:\/\/plenesys.com\/fr\/"},{"@type":"ListItem","position":2,"name":"Accueil","item":"https:\/\/plenesys.com\/fr\/"},{"@type":"ListItem","position":3,"name":"Actualit\u00e9s","item":"https:\/\/plenesys.com\/fr\/homepage\/actualites\/"},{"@type":"ListItem","position":4,"name":"Hannover Messe"}]},{"@type":"WebSite","@id":"https:\/\/plenesys.com\/fr\/#website","url":"https:\/\/plenesys.com\/fr\/","name":"PLENESYS","description":"Plasma Energy Systems","publisher":{"@id":"https:\/\/plenesys.com\/fr\/#organization"},"potentialAction":[{"@type":"SearchAction","target":{"@type":"EntryPoint","urlTemplate":"https:\/\/plenesys.com\/fr\/?s={search_term_string}"},"query-input":{"@type":"PropertyValueSpecification","valueRequired":true,"valueName":"search_term_string"}}],"inLanguage":"fr-FR"},{"@type":"Organization","@id":"https:\/\/plenesys.com\/fr\/#organization","name":"PLENESYS","url":"https:\/\/plenesys.com\/fr\/","logo":{"@type":"ImageObject","inLanguage":"fr-FR","@id":"https:\/\/plenesys.com\/fr\/#\/schema\/logo\/image\/","url":"https:\/\/plenesys.com\/wp-content\/uploads\/2021\/04\/logo.png","contentUrl":"https:\/\/plenesys.com\/wp-content\/uploads\/2021\/04\/logo.png","width":880,"height":219,"caption":"PLENESYS"},"image":{"@id":"https:\/\/plenesys.com\/fr\/#\/schema\/logo\/image\/"},"sameAs":["https:\/\/x.com\/plenesys","https:\/\/linkedin.com\/company\/plenesys"]}]}},"jetpack_sharing_enabled":true,"_links":{"self":[{"href":"https:\/\/plenesys.com\/fr\/wp-json\/wp\/v2\/pages\/6228","targetHints":{"allow":["GET"]}}],"collection":[{"href":"https:\/\/plenesys.com\/fr\/wp-json\/wp\/v2\/pages"}],"about":[{"href":"https:\/\/plenesys.com\/fr\/wp-json\/wp\/v2\/types\/page"}],"author":[{"embeddable":true,"href":"https:\/\/plenesys.com\/fr\/wp-json\/wp\/v2\/users\/1"}],"replies":[{"embeddable":true,"href":"https:\/\/plenesys.com\/fr\/wp-json\/wp\/v2\/comments?post=6228"}],"version-history":[{"count":3,"href":"https:\/\/plenesys.com\/fr\/wp-json\/wp\/v2\/pages\/6228\/revisions"}],"predecessor-version":[{"id":6239,"href":"https:\/\/plenesys.com\/fr\/wp-json\/wp\/v2\/pages\/6228\/revisions\/6239"}],"up":[{"embeddable":true,"href":"https:\/\/plenesys.com\/fr\/wp-json\/wp\/v2\/pages\/4671"}],"wp:attachment":[{"href":"https:\/\/plenesys.com\/fr\/wp-json\/wp\/v2\/media?parent=6228"}],"curies":[{"name":"wp","href":"https:\/\/api.w.org\/{rel}","templated":true}]}}