{"id":6773,"date":"2022-08-24T10:14:55","date_gmt":"2022-08-24T09:14:55","guid":{"rendered":"https:\/\/plenesys.com\/carrieres\/ingenieur-mecanique-et-cfd\/"},"modified":"2022-08-24T10:32:23","modified_gmt":"2022-08-24T09:32:23","slug":"ingenieur-mecanique-et-cfd","status":"publish","type":"page","link":"https:\/\/plenesys.com\/fr\/carrieres\/ingenieur-mecanique-et-cfd\/","title":{"rendered":"Ing\u00e9nieur(e) M\u00e9canique et CFD"},"content":{"rendered":"<div class=\"wpb-content-wrapper\">[vc_section full_width=\u00a0\u00bbstretch_row\u00a0\u00bb pix_over_visibility=\u00a0\u00bb\u00a0\u00bb b_custom_height=\u00a0\u00bb500px\u00a0\u00bb css=\u00a0\u00bb.vc_custom_1589068464029{background-color: #ffffff !important;}\u00a0\u00bb][vc_row pix_particles_check=\u00a0\u00bb\u00a0\u00bb][vc_column][vc_empty_space height=\u00a0\u00bb150px\u00a0\u00bb][\/vc_column][\/vc_row][vc_row full_width=\u00a0\u00bbstretch_row\u00a0\u00bb pix_particles_check=\u00a0\u00bb\u00a0\u00bb css=\u00a0\u00bb.vc_custom_1593056626887{padding-top: 80px !important;padding-bottom: 80px !important;}\u00a0\u00bb][vc_column]<div id=\"pix-el-1661330223692-1fa2b168-ff72\" class=\"\"><div class=\"row pix-waiting pix_tabs_container\"><div class=\"col-12 col-md-4 d-inline-block\"><div class=\"sticky-top\" style=\"top:110px;\"><div class=\"text-left\"><span class=\"pix-badge-element h6 d-inline-flex mr-1 \"  ><span class=\"badge font-weight-bold secondary-font  bg-primary-light   \" style=\" \"><span class=\"text-primary\" style=\"\">Sophia-Antipolis, France<\/span><\/span><\/span><\/div><div  class=\"pix-heading-el text-left \"><h5 class=\"text-heading-default font-weight-bold h5 animate-in heading-text el-title_custom_color mb-12\" style=\"padding-top:20px;\" data-anim-type=\"fade-in-up\" data-anim-delay=\"0\">Ing\u00e9nieur(e) M\u00e9canique et CFD<\/h5><\/div><div class=\"nav pix_tabs_btns text-left flex-column nav-pills pix-pills-solid animate-in\" data-anim-type=\"fade-in-up\" data-anim-delay=\"0\" role=\"tablist\" id=\"v-pills-tab\"  aria-orientation=\"vertical\" style=\"padding-top:20px;\"><div class=\"nav-item mx-0\"><a class=\"nav-link pix-tabs-btn text-24 py-2 mb-2 active text-left font-weight-bold  secondary-font\" data-id=\"1589066934065-3f2624ec-f4cc\" id=\"pix-tab-btn-1589066934065-3f2624ec-f4cc\" role=\"tab\" data-toggle=\"pill\" href=\"#pix-tab-1589066934065-3f2624ec-f4cc\"  aria-controls=\"pix-tab-1589066934065-3f2624ec-f4cc\" aria-selected=\"true\"><span class=\"d-inline-flex align-items-center\"><svg class=\"pixfort-icon mr-2\" width=\"24\" height=\"24\"  data-name=\"Line\/pixfort-icon-briefcase-4\" viewBox=\"2 2 20 20\"><path fill=\"none\" stroke=\"var(--pf-icon-color)\" stroke-linecap=\"round\" stroke-linejoin=\"round\" stroke-width=\"var(--pf-icon-stroke-width)\" d=\"M5,8 L19,8 C20.1045695,8 21,8.8954305 21,10 L21,18 C21,19.1045695 20.1045695,20 19,20 L5,20 C3.8954305,20 3,19.1045695 3,18 L3,10 C3,8.8954305 3.8954305,8 5,8 Z M8,7.5 L8,6 C8,4.8954305 8.8954305,4 10,4 L14,4 C15.1045695,4 16,4.8954305 16,6 L16,7.5 L16,7.5 M8,8 L8,20 M16,8 L16,20\"\/><\/svg>Description<\/span><\/a><\/div><div class=\"nav-item mx-0\"><a class=\"nav-link pix-tabs-btn text-24 py-2 mb-2  text-left font-weight-bold  \" data-id=\"1661333191248-bd30dec5-1e72\" id=\"pix-tab-btn-1661333191248-bd30dec5-1e72\" role=\"tab\" data-toggle=\"pill\" href=\"#pix-tab-1661333191248-bd30dec5-1e72\"  aria-controls=\"pix-tab-1661333191248-bd30dec5-1e72\" aria-selected=\"true\"><span class=\"d-inline-flex align-items-center\"><svg class=\"pixfort-icon mr-2\" width=\"24\" height=\"24\"  data-name=\"Line\/pixfort-icon-file-chart-1\" viewBox=\"2 2 20 20\"><path fill=\"none\" stroke=\"var(--pf-icon-color)\" stroke-linecap=\"round\" stroke-linejoin=\"round\" stroke-width=\"var(--pf-icon-stroke-width)\" d=\"M5,9 L5,5 C5,3.8954305 5.8954305,3 7,3 L12.8727869,3 C14.9175556,4.48800639 17.4920457,6.76866015 19,8.65347855 L19,19 C19,20.1045695 18.1045695,21 17,21 L14,21 M12.6586405,3 L12.5665066,6.3715119 C12.5226946,7.9747483 13.7868579,9.30994479 15.3900943,9.35375673 C15.5249374,9.35744162 15.6598734,9.35172666 15.793922,9.33665338 L19,8.97614154 L19,8.97614154 M8,21 C10.7614237,21 13,18.7614237 13,16 C13,13.2385763 10.7614237,11 8,11 C5.23857625,11 3,13.2385763 3,16 C3,18.7614237 5.23857625,21 8,21 Z M12.5238997,13.963674 L8,16 L8,11 M8,16 L10.4700006,20.3153868\"\/><\/svg>Postuler<\/span><\/a><\/div><\/div><\/div><\/div><div class=\"col-12 col-md-8 d-inline-block\"><div class=\"pix_tabs_content animate-in\" data-anim-type=\"fade-in-up\" data-anim-delay=\"0\"><div class=\"tab-content \"><div class=\"tab-pane active  show   vc_custom_1661330383335\" role=\"tabpanel\" id=\"pix-tab-1589066934065-3f2624ec-f4cc\" data-bold=\"font-weight-bold\" data-italic=\"\" data-secondary=\"secondary-font\" data-id=\"1589066934065-3f2624ec-f4cc\" data-icon=\"pixicon-briefcase-1\" data-title=\"Description\" aria-labelledby=\"pix-tab-1589066934065-3f2624ec-f4cc\"><div  class=\"pix-heading-el text-left  vc_custom_1661330459693\"><h6 class=\"text-heading-default font-weight-bold h6 heading-text el-title_custom_color mb-12\" style=\"\" data-anim-type=\"\" data-anim-delay=\"0\">Description de l'entreprise<\/h6><\/div>[vc_column_text css=\u00a0\u00bb.vc_custom_1661331084477{padding-top: 10px !important;padding-bottom: 20px !important;}\u00a0\u00bb]Plenesys est une jeune startup deeptech dynamique et innovante \u00e9voluant dans les domaines de l\u2019\u00e9nergie, le d\u00e9veloppement durable et les proc\u00e9d\u00e9s industriels. La startup est laur\u00e9ate de plusieurs concours d\u2019innovation et d\u2019entreprenariat et notamment laur\u00e9ate du concours \u00ab i-Nov \u00bb 2020 de l&rsquo;ADEME et \u00ab Grand Prix \u00bb du concours \u00ab i-Lab \u00bb 2018 du MESRI.\r\n\r\nPlenesys est bas\u00e9e \u00e0 Sophia-Antipolis (06) et compte aujourd&rsquo;hui 10 salari\u00e9s. Plenesys d\u00e9veloppe aujourd\u2019hui plusieurs solutions technologiques dans le domaine de l\u2019\u00e9nergie dont un proc\u00e9d\u00e9 disruptif de production d\u2019hydrog\u00e8ne propre \u00e0 prix comp\u00e9titif.[\/vc_column_text]<div  class=\"pix-heading-el text-left  vc_custom_1661331103503\"><h6 class=\"text-heading-default font-weight-bold h6 heading-text el-title_custom_color mb-12\" style=\"\" data-anim-type=\"\" data-anim-delay=\"0\">Description du poste<\/h6><\/div>[vc_column_text css=\u00a0\u00bb.vc_custom_1661331230514{padding-top: 10px !important;padding-bottom: 20px !important;}\u00a0\u00bb]Au sein de notre \u00e9quipe vous contribuez aux d\u00e9veloppements techniques de nos produits.\r\n\r\nDans le cadre de ce poste, vos activit\u00e9s pourraient concerner l\u2019une ou la totalit\u00e9 des missions suivantes :\r\n<ul>\r\n \t<li><strong>Participation au d\u00e9veloppement de produits :<\/strong>\u00a0Dimensionnement (structure, m\u00e9canisme d\u2019automatisation) &#8211; Conception m\u00e9canique d\u00e9taill\u00e9e (SolidWorks) &#8211; Calcul de structure \u2013 Simulations num\u00e9riques (CFD) &#8211; Assistance de technicien et participation aux essais exp\u00e9rimentaux &#8211; R\u00e9daction de rapports et de notes de calcul &#8211; R\u00e9daction de rapports de certification.<\/li>\r\n \t<li><strong>Etudes d\u2019avant-projet :\u00a0<\/strong>Appui scientifique &#8211; Pr\u00e9paration de cahiers des charges &#8211; R\u00e9alisation d\u2019\u00e9tudes de pr\u00e9conception, de dimensionnement et de chiffrage.<\/li>\r\n \t<li><strong>Suivi technique d\u2019achat et de commercialisation :\u00a0<\/strong>Elaboration de dessins industriels &#8211; Suivi de fabrication &#8211; Suivi de l\u2019assemblage &#8211; Mise en marche chez le client &#8211; Achats et \u00e9changes avec fournisseurs.<\/li>\r\n<\/ul>\r\n[\/vc_column_text]<div  class=\"pix-heading-el text-left  vc_custom_1661331249388\"><h6 class=\"text-heading-default font-weight-bold h6 heading-text el-title_custom_color mb-12\" style=\"\" data-anim-type=\"\" data-anim-delay=\"0\">Profil<\/h6><\/div>[vc_column_text css=\u00a0\u00bb.vc_custom_1661331416642{padding-top: 10px !important;padding-bottom: 20px !important;}\u00a0\u00bb]Vous \u00eates de formation Bac+5\/Bac+8 : ing\u00e9nieur de grande \u00e9cole ou \u00e9quivalent\/docteur. Vous justifiez d\u2019un minimum d\u2019exp\u00e9rience sur des postes similaires ou \u00e0 travers des stages pertinents.\r\n<ul>\r\n \t<li>La maitrise de la\u00a0<strong>CAO<\/strong>\u00a0et des connaissances en\u00a0<strong>science des mat\u00e9riaux<\/strong>\u00a0et des\u00a0<strong>structures<\/strong> sont exig\u00e9es ;<\/li>\r\n \t<li>Des connaissances en <strong>CFD, transferts thermiques, thermodynamique et m\u00e9canique des fluides<\/strong> sont fortement souhait\u00e9es ;<\/li>\r\n \t<li>Des connaissances en <strong>mesures exp\u00e9rimentales<\/strong>\u00a0et des\u00a0<strong>normes industrielles<\/strong> de conception constituent un grand plus ;<\/li>\r\n \t<li>Des connaissances des <strong>outils de fabrication et d\u2019usinage<\/strong> constituent un plus ;<\/li>\r\n \t<li>Un bon niveau d\u2019<strong>anglais<\/strong>\u00a0est exig\u00e9 (lu, \u00e9crit et parl\u00e9).<\/li>\r\n<\/ul>\r\nDe temp\u00e9rament proactif, vous portez un int\u00e9r\u00eat aux nouvelles technologies propres et vous souhaitez travailler dans un environnement \u00e9volutif de start-up. Vous \u00eates force de proposition, aimez apprendre et avez la capacit\u00e9 \u00e0 vous adapter rapidement et savez maintenir un excellent relationnel avec nos clients.\r\n\r\nLe poste pourrait n\u00e9cessiter des d\u00e9placements en France et \u00e0 l\u2019\u00e9tranger.[\/vc_column_text]<div  class=\"pix-heading-el text-left  vc_custom_1661331469646\"><h6 class=\"text-heading-default font-weight-bold h6 heading-text el-title_custom_color mb-12\" style=\"\" data-anim-type=\"\" data-anim-delay=\"0\">Contrat et salaire<\/h6><\/div>[vc_column_text css=\u00a0\u00bb.vc_custom_1661331535985{padding-top: 10px !important;padding-bottom: 20px !important;}\u00a0\u00bb]Contrat : CDI.\r\n\r\nConvention collective SYNTEC.\r\n\r\nSalaire \u00e0 d\u00e9terminer en fonction des comp\u00e9tences et de l&rsquo;exp\u00e9rience.\r\n\r\nTravailler dans une startup \u00e0 taille humaine est une excellente opportunit\u00e9 pour d\u00e9couvrir un environnement d\u2019innovation \u00e0 \u00e9volution rapide.\r\n\r\n<i>Contact pour candidater :\u00a0<\/i><strong><i>jobs@plenesys.com\u00a0<\/i><\/strong><i>avec\u00a0<\/i><strong><i>CV\u00a0<\/i><\/strong><i>et\u00a0<\/i><strong><i>lettre de motivation<\/i><\/strong><i>. Merci de pr\u00e9ciser la r\u00e9f\u00e9rence\u00a0<\/i><strong><i>[CDI-IMS2022]<\/i><\/strong><i>\u00a0dans l\u2019objet de votre mail.<\/i>[\/vc_column_text]<\/div><div class=\"tab-pane   show  \" role=\"tabpanel\" id=\"pix-tab-1661333191248-bd30dec5-1e72\" data-bold=\"font-weight-bold\" data-italic=\"\" data-secondary=\"\" data-id=\"1661333191248-bd30dec5-1e72\" data-icon=\"pixicon-file-pie-chart\" data-title=\"Postuler\" aria-labelledby=\"pix-tab-1661333191248-bd30dec5-1e72\"><div  class=\"pix-heading-el text-left \"><h6 class=\"text-heading-default font-weight-bold h6 heading-text el-title_custom_color mb-12\" style=\"\" data-anim-type=\"\" data-anim-delay=\"0\">Postuler<\/h6><\/div>\n<div class=\"wpcf7 no-js\" id=\"wpcf7-f4282-o1\" lang=\"fr-FR\" dir=\"ltr\" data-wpcf7-id=\"4282\">\n<div class=\"screen-reader-response\"><p role=\"status\" aria-live=\"polite\" aria-atomic=\"true\"><\/p> <ul><\/ul><\/div>\n<form action=\"\/fr\/wp-json\/wp\/v2\/pages\/6773#wpcf7-f4282-o1\" method=\"post\" class=\"wpcf7-form init\" aria-label=\"Formulaire de contact\" novalidate=\"novalidate\" data-status=\"init\">\n<fieldset class=\"hidden-fields-container\"><input type=\"hidden\" name=\"_wpcf7\" value=\"4282\" \/><input type=\"hidden\" name=\"_wpcf7_version\" value=\"6.1.5\" \/><input type=\"hidden\" name=\"_wpcf7_locale\" value=\"fr_FR\" \/><input type=\"hidden\" name=\"_wpcf7_unit_tag\" value=\"wpcf7-f4282-o1\" \/><input type=\"hidden\" name=\"_wpcf7_container_post\" value=\"0\" \/><input type=\"hidden\" name=\"_wpcf7_posted_data_hash\" value=\"\" \/><input type=\"hidden\" name=\"_wpcf7_recaptcha_response\" value=\"\" \/>\n<\/fieldset>\n<div class=\"pix-contact7-form\"><div class=\"row\">\n\t<div class=\"col-md-6\">\n\t\t<p><label class=\"w-100\">Nom et pr\u00e9nom*<br \/>\n<span class=\"wpcf7-form-control-wrap\" data-name=\"your-name\"><input size=\"40\" maxlength=\"400\" class=\"wpcf7-form-control wpcf7-text wpcf7-validates-as-required pix-my-5 form-control bg-gray-1 shadow-0\" aria-required=\"true\" aria-invalid=\"false\" placeholder=\"John Doe\" value=\"\" type=\"text\" name=\"your-name\" \/><\/span><\/label>\n\t\t<\/p>\n\t<\/div>\n\t<div class=\"col-md-6\">\n\t\t<p><label class=\"w-100\">Adresse mail*<br \/>\n<span class=\"wpcf7-form-control-wrap\" data-name=\"your-email\"><input size=\"40\" maxlength=\"400\" class=\"wpcf7-form-control wpcf7-email wpcf7-validates-as-required wpcf7-text wpcf7-validates-as-email pix-my-5 form-control bg-gray-1 shadow-0\" aria-required=\"true\" aria-invalid=\"false\" placeholder=\"email@domaine.com\" value=\"\" type=\"email\" name=\"your-email\" \/><\/span><\/label>\n\t\t<\/p>\n\t<\/div>\n<\/div>\n<div class=\"row\">\n\t<div class=\"col-md-6\">\n\t\t<p><label class=\"w-100\">Sujet*<span class=\"wpcf7-form-control-wrap\" data-name=\"your-subject\"><select class=\"wpcf7-form-control wpcf7-select wpcf7-validates-as-required pixfort-select pix-my-5 form-control bg-gray-1 shadow-0\" aria-required=\"true\" aria-invalid=\"false\" name=\"your-subject\"><option value=\"\">&#8212;Veuillez choisir une option&#8212;<\/option><option value=\"Information\">Information<\/option><option value=\"Devis\">Devis<\/option><option value=\"Candidature\">Candidature<\/option><option value=\"Autre\">Autre<\/option><\/select><\/span> <\/label>\n\t\t<\/p>\n\t<\/div>\n<\/div>\n<p><label class=\"w-100\">\u00c9crivez votre message ci-dessous*<span class=\"wpcf7-form-control-wrap\" data-name=\"your-message\"><textarea cols=\"40\" rows=\"4\" maxlength=\"2000\" class=\"wpcf7-form-control wpcf7-textarea wpcf7-validates-as-required pix-my-5 form-control bg-gray-1 shadow-0\" aria-required=\"true\" aria-invalid=\"false\" placeholder=\"Votre message\" name=\"your-message\"><\/textarea><\/span> <\/label>\n<\/p>\n<div class=\"row\">\n\t<div class=\"col-md-6\">\n\t\t<p><label class=\"w-100\">Pays<br \/>\n<span class=\"wpcf7-form-control-wrap\" data-name=\"your-country\"><input size=\"40\" maxlength=\"400\" class=\"wpcf7-form-control wpcf7-text pix-my-5 form-control bg-gray-1 shadow-0\" aria-invalid=\"false\" placeholder=\"France\" value=\"\" type=\"text\" name=\"your-country\" \/><\/span><\/label>\n\t\t<\/p>\n\t<\/div>\n\t<div class=\"col-md-6\">\n\t\t<p><label class=\"w-100\">Entrez votre num\u00e9ro de t\u00e9l\u00e9phone<span class=\"wpcf7-form-control-wrap\" data-name=\"tel-996\"><input size=\"40\" maxlength=\"400\" class=\"wpcf7-form-control wpcf7-tel wpcf7-text wpcf7-validates-as-tel pix-mt-5 form-control bg-gray-1 shadow-0\" aria-invalid=\"false\" placeholder=\"T\u00e9l: +33 (0)6 00 00 00 00\" value=\"\" type=\"tel\" name=\"tel-996\" \/><\/span> <\/label>\n\t\t<\/p>\n\t<\/div>\n<\/div>\n<p><input class=\"wpcf7-form-control wpcf7-submit has-spinner btn btn-secondary text-white w-100 pix-mt-10 font-weight-bold btn-lg secondary-font\" type=\"submit\" value=\"Envoyer\" \/>\n<\/p><\/div><div class=\"wpcf7-response-output\" aria-hidden=\"true\"><\/div>\n<\/form>\n<\/div>\n<\/div><\/div><\/div><\/div><\/div><\/div>[\/vc_column][\/vc_row][\/vc_section]<\/div>","protected":false},"excerpt":{"rendered":"[vc_section full_width=\u00a0\u00bbstretch_row\u00a0\u00bb pix_over_visibility=\u00a0\u00bb\u00a0\u00bb b_custom_height=\u00a0\u00bb500px\u00a0\u00bb css=\u00a0\u00bb.vc_custom_1589068464029{background-color: #ffffff !important;}\u00a0\u00bb][vc_row pix_particles_check=\u00a0\u00bb\u00a0\u00bb][vc_column][vc_empty_space height=\u00a0\u00bb150px\u00a0\u00bb][\/vc_column][\/vc_row][vc_row full_width=\u00a0\u00bbstretch_row\u00a0\u00bb pix_particles_check=\u00a0\u00bb\u00a0\u00bb css=\u00a0\u00bb.vc_custom_1593056626887{padding-top: 80px !important;padding-bottom: 80px !important;}\u00a0\u00bb][vc_column][\/vc_column][\/vc_row][\/vc_section]","protected":false},"author":1,"featured_media":0,"parent":4253,"menu_order":0,"comment_status":"closed","ping_status":"closed","template":"","meta":{"footnotes":""},"class_list":["post-6773","page","type-page","status-publish","hentry"],"yoast_head":"<!-- This site is optimized with the Yoast SEO plugin v27.4 - https:\/\/yoast.com\/product\/yoast-seo-wordpress\/ -->\n<title>Ing\u00e9nieur(e) M\u00e9canique et CFD - Plenesys<\/title>\n<meta name=\"robots\" content=\"index, follow, max-snippet:-1, max-image-preview:large, max-video-preview:-1\" \/>\n<link rel=\"canonical\" href=\"https:\/\/plenesys.com\/fr\/carrieres\/ingenieur-mecanique-et-cfd\/\" \/>\n<meta property=\"og:locale\" content=\"fr_FR\" \/>\n<meta property=\"og:type\" content=\"article\" \/>\n<meta property=\"og:title\" content=\"Ing\u00e9nieur(e) M\u00e9canique et CFD - Plenesys\" \/>\n<meta property=\"og:description\" content=\"[vc_section full_width=\u00a0\u00bbstretch_row\u00a0\u00bb pix_over_visibility=\u00a0\u00bb\u00a0\u00bb b_custom_height=\u00a0\u00bb500px\u00a0\u00bb css=\u00a0\u00bb.vc_custom_1589068464029{background-color: #ffffff !important;}\u00a0\u00bb][vc_row pix_particles_check=\u00a0\u00bb\u00a0\u00bb][vc_column][vc_empty_space height=\u00a0\u00bb150px\u00a0\u00bb][\/vc_column][\/vc_row][vc_row full_width=\u00a0\u00bbstretch_row\u00a0\u00bb pix_particles_check=\u00a0\u00bb\u00a0\u00bb css=\u00a0\u00bb.vc_custom_1593056626887{padding-top: 80px !important;padding-bottom: 80px !important;}\u00a0\u00bb][vc_column][\/vc_column][\/vc_row][\/vc_section]\" \/>\n<meta property=\"og:url\" content=\"https:\/\/plenesys.com\/fr\/carrieres\/ingenieur-mecanique-et-cfd\/\" \/>\n<meta property=\"og:site_name\" content=\"Plenesys\" \/>\n<meta property=\"article:modified_time\" content=\"2022-08-24T09:32:23+00:00\" \/>\n<meta name=\"twitter:card\" content=\"summary_large_image\" \/>\n<meta name=\"twitter:site\" content=\"@plenesys\" \/>\n<meta name=\"twitter:label1\" content=\"Dur\u00e9e de lecture estim\u00e9e\" \/>\n\t<meta name=\"twitter:data1\" content=\"3 minutes\" \/>\n<script type=\"application\/ld+json\" class=\"yoast-schema-graph\">{\"@context\":\"https:\\\/\\\/schema.org\",\"@graph\":[{\"@type\":\"WebPage\",\"@id\":\"https:\\\/\\\/plenesys.com\\\/fr\\\/carrieres\\\/ingenieur-mecanique-et-cfd\\\/\",\"url\":\"https:\\\/\\\/plenesys.com\\\/fr\\\/carrieres\\\/ingenieur-mecanique-et-cfd\\\/\",\"name\":\"Ing\u00e9nieur(e) M\u00e9canique et CFD - Plenesys\",\"isPartOf\":{\"@id\":\"https:\\\/\\\/plenesys.com\\\/fr\\\/#website\"},\"datePublished\":\"2022-08-24T09:14:55+00:00\",\"dateModified\":\"2022-08-24T09:32:23+00:00\",\"breadcrumb\":{\"@id\":\"https:\\\/\\\/plenesys.com\\\/fr\\\/carrieres\\\/ingenieur-mecanique-et-cfd\\\/#breadcrumb\"},\"inLanguage\":\"fr-FR\",\"potentialAction\":[{\"@type\":\"ReadAction\",\"target\":[\"https:\\\/\\\/plenesys.com\\\/fr\\\/carrieres\\\/ingenieur-mecanique-et-cfd\\\/\"]}]},{\"@type\":\"BreadcrumbList\",\"@id\":\"https:\\\/\\\/plenesys.com\\\/fr\\\/carrieres\\\/ingenieur-mecanique-et-cfd\\\/#breadcrumb\",\"itemListElement\":[{\"@type\":\"ListItem\",\"position\":1,\"name\":\"Home\",\"item\":\"https:\\\/\\\/plenesys.com\\\/fr\\\/\"},{\"@type\":\"ListItem\",\"position\":2,\"name\":\"Carri\u00e8res\",\"item\":\"https:\\\/\\\/plenesys.com\\\/fr\\\/carrieres\\\/\"},{\"@type\":\"ListItem\",\"position\":3,\"name\":\"Ing\u00e9nieur(e) M\u00e9canique et CFD\"}]},{\"@type\":\"WebSite\",\"@id\":\"https:\\\/\\\/plenesys.com\\\/fr\\\/#website\",\"url\":\"https:\\\/\\\/plenesys.com\\\/fr\\\/\",\"name\":\"PLENESYS\",\"description\":\"Plasma Energy Systems\",\"publisher\":{\"@id\":\"https:\\\/\\\/plenesys.com\\\/fr\\\/#organization\"},\"potentialAction\":[{\"@type\":\"SearchAction\",\"target\":{\"@type\":\"EntryPoint\",\"urlTemplate\":\"https:\\\/\\\/plenesys.com\\\/fr\\\/?s={search_term_string}\"},\"query-input\":{\"@type\":\"PropertyValueSpecification\",\"valueRequired\":true,\"valueName\":\"search_term_string\"}}],\"inLanguage\":\"fr-FR\"},{\"@type\":\"Organization\",\"@id\":\"https:\\\/\\\/plenesys.com\\\/fr\\\/#organization\",\"name\":\"PLENESYS\",\"url\":\"https:\\\/\\\/plenesys.com\\\/fr\\\/\",\"logo\":{\"@type\":\"ImageObject\",\"inLanguage\":\"fr-FR\",\"@id\":\"https:\\\/\\\/plenesys.com\\\/fr\\\/#\\\/schema\\\/logo\\\/image\\\/\",\"url\":\"https:\\\/\\\/plenesys.com\\\/wp-content\\\/uploads\\\/2021\\\/04\\\/logo.png\",\"contentUrl\":\"https:\\\/\\\/plenesys.com\\\/wp-content\\\/uploads\\\/2021\\\/04\\\/logo.png\",\"width\":880,\"height\":219,\"caption\":\"PLENESYS\"},\"image\":{\"@id\":\"https:\\\/\\\/plenesys.com\\\/fr\\\/#\\\/schema\\\/logo\\\/image\\\/\"},\"sameAs\":[\"https:\\\/\\\/x.com\\\/plenesys\",\"https:\\\/\\\/linkedin.com\\\/company\\\/plenesys\"]}]}<\/script>\n<!-- \/ Yoast SEO plugin. -->","yoast_head_json":{"title":"Ing\u00e9nieur(e) M\u00e9canique et CFD - Plenesys","robots":{"index":"index","follow":"follow","max-snippet":"max-snippet:-1","max-image-preview":"max-image-preview:large","max-video-preview":"max-video-preview:-1"},"canonical":"https:\/\/plenesys.com\/fr\/carrieres\/ingenieur-mecanique-et-cfd\/","og_locale":"fr_FR","og_type":"article","og_title":"Ing\u00e9nieur(e) M\u00e9canique et CFD - Plenesys","og_description":"[vc_section full_width=\u00a0\u00bbstretch_row\u00a0\u00bb pix_over_visibility=\u00a0\u00bb\u00a0\u00bb b_custom_height=\u00a0\u00bb500px\u00a0\u00bb css=\u00a0\u00bb.vc_custom_1589068464029{background-color: #ffffff !important;}\u00a0\u00bb][vc_row pix_particles_check=\u00a0\u00bb\u00a0\u00bb][vc_column][vc_empty_space height=\u00a0\u00bb150px\u00a0\u00bb][\/vc_column][\/vc_row][vc_row full_width=\u00a0\u00bbstretch_row\u00a0\u00bb pix_particles_check=\u00a0\u00bb\u00a0\u00bb css=\u00a0\u00bb.vc_custom_1593056626887{padding-top: 80px !important;padding-bottom: 80px !important;}\u00a0\u00bb][vc_column][\/vc_column][\/vc_row][\/vc_section]","og_url":"https:\/\/plenesys.com\/fr\/carrieres\/ingenieur-mecanique-et-cfd\/","og_site_name":"Plenesys","article_modified_time":"2022-08-24T09:32:23+00:00","twitter_card":"summary_large_image","twitter_site":"@plenesys","twitter_misc":{"Dur\u00e9e de lecture estim\u00e9e":"3 minutes"},"schema":{"@context":"https:\/\/schema.org","@graph":[{"@type":"WebPage","@id":"https:\/\/plenesys.com\/fr\/carrieres\/ingenieur-mecanique-et-cfd\/","url":"https:\/\/plenesys.com\/fr\/carrieres\/ingenieur-mecanique-et-cfd\/","name":"Ing\u00e9nieur(e) M\u00e9canique et CFD - Plenesys","isPartOf":{"@id":"https:\/\/plenesys.com\/fr\/#website"},"datePublished":"2022-08-24T09:14:55+00:00","dateModified":"2022-08-24T09:32:23+00:00","breadcrumb":{"@id":"https:\/\/plenesys.com\/fr\/carrieres\/ingenieur-mecanique-et-cfd\/#breadcrumb"},"inLanguage":"fr-FR","potentialAction":[{"@type":"ReadAction","target":["https:\/\/plenesys.com\/fr\/carrieres\/ingenieur-mecanique-et-cfd\/"]}]},{"@type":"BreadcrumbList","@id":"https:\/\/plenesys.com\/fr\/carrieres\/ingenieur-mecanique-et-cfd\/#breadcrumb","itemListElement":[{"@type":"ListItem","position":1,"name":"Home","item":"https:\/\/plenesys.com\/fr\/"},{"@type":"ListItem","position":2,"name":"Carri\u00e8res","item":"https:\/\/plenesys.com\/fr\/carrieres\/"},{"@type":"ListItem","position":3,"name":"Ing\u00e9nieur(e) M\u00e9canique et CFD"}]},{"@type":"WebSite","@id":"https:\/\/plenesys.com\/fr\/#website","url":"https:\/\/plenesys.com\/fr\/","name":"PLENESYS","description":"Plasma Energy Systems","publisher":{"@id":"https:\/\/plenesys.com\/fr\/#organization"},"potentialAction":[{"@type":"SearchAction","target":{"@type":"EntryPoint","urlTemplate":"https:\/\/plenesys.com\/fr\/?s={search_term_string}"},"query-input":{"@type":"PropertyValueSpecification","valueRequired":true,"valueName":"search_term_string"}}],"inLanguage":"fr-FR"},{"@type":"Organization","@id":"https:\/\/plenesys.com\/fr\/#organization","name":"PLENESYS","url":"https:\/\/plenesys.com\/fr\/","logo":{"@type":"ImageObject","inLanguage":"fr-FR","@id":"https:\/\/plenesys.com\/fr\/#\/schema\/logo\/image\/","url":"https:\/\/plenesys.com\/wp-content\/uploads\/2021\/04\/logo.png","contentUrl":"https:\/\/plenesys.com\/wp-content\/uploads\/2021\/04\/logo.png","width":880,"height":219,"caption":"PLENESYS"},"image":{"@id":"https:\/\/plenesys.com\/fr\/#\/schema\/logo\/image\/"},"sameAs":["https:\/\/x.com\/plenesys","https:\/\/linkedin.com\/company\/plenesys"]}]}},"jetpack_sharing_enabled":true,"_links":{"self":[{"href":"https:\/\/plenesys.com\/fr\/wp-json\/wp\/v2\/pages\/6773","targetHints":{"allow":["GET"]}}],"collection":[{"href":"https:\/\/plenesys.com\/fr\/wp-json\/wp\/v2\/pages"}],"about":[{"href":"https:\/\/plenesys.com\/fr\/wp-json\/wp\/v2\/types\/page"}],"author":[{"embeddable":true,"href":"https:\/\/plenesys.com\/fr\/wp-json\/wp\/v2\/users\/1"}],"replies":[{"embeddable":true,"href":"https:\/\/plenesys.com\/fr\/wp-json\/wp\/v2\/comments?post=6773"}],"version-history":[{"count":10,"href":"https:\/\/plenesys.com\/fr\/wp-json\/wp\/v2\/pages\/6773\/revisions"}],"predecessor-version":[{"id":6785,"href":"https:\/\/plenesys.com\/fr\/wp-json\/wp\/v2\/pages\/6773\/revisions\/6785"}],"up":[{"embeddable":true,"href":"https:\/\/plenesys.com\/fr\/wp-json\/wp\/v2\/pages\/4253"}],"wp:attachment":[{"href":"https:\/\/plenesys.com\/fr\/wp-json\/wp\/v2\/media?parent=6773"}],"curies":[{"name":"wp","href":"https:\/\/api.w.org\/{rel}","templated":true}]}}